{"id":46,"date":"2026-02-15T13:36:46","date_gmt":"2026-02-15T18:36:46","guid":{"rendered":"https:\/\/mcyr.dectim.ca\/tp2\/viscera\/?page_id=46"},"modified":"2026-04-27T19:40:52","modified_gmt":"2026-04-27T23:40:52","slug":"a-propos","status":"publish","type":"page","link":"https:\/\/mcyr.dectim.ca\/tp2\/viscera\/a-propos\/","title":{"rendered":"\u00c0 propos"},"content":{"rendered":"\n<div class=\"wp-block-nk-awb nk-awb alignfull has-000000-background-color has-background\" style=\"padding-top:300px;padding-bottom:300px\"><div class=\"nk-awb-wrap\" style=\"background:#000000\" data-awb-type=\"yt_vm_video\" data-awb-video=\"https:\/\/youtu.be\/kLL2mMvB16w?si=JZSKLDbVlAyUaiUF\" data-awb-video-mobile=\"false\"><div class=\"nk-awb-overlay\" style=\"background: linear-gradient(0deg,rgb(0,1,1) 0%,rgba(255,255,255,0) 51%,rgb(0,0,0) 100%);\"><\/div><div class=\"nk-awb-inner\" style=\"opacity: 0.65;\"><\/div><\/div><div class=\"nk-awb-wrap-content is-layout-constrained wp-block-nk-awb-is-layout-constrained\">\n<h1 class=\"wp-block-heading has-text-align-center\">\u00e0 propos<\/h1>\n<\/div><\/div>\n\n\n\n<div class=\"wp-block-group alignfull has-black-background-color has-background is-layout-constrained wp-container-core-group-is-layout-6226084c wp-block-group-is-layout-constrained\" style=\"margin-top:0;margin-bottom:0;padding-top:0;padding-right:0;padding-bottom:0;padding-left:0\">\n<div class=\"wp-block-media-text alignfull has-media-on-the-right is-stacked-on-mobile img-transparent left\" style=\"margin-top:0;margin-right:0;margin-left:100px;padding-top:100px;padding-right:0;padding-bottom:0;padding-left:120px;grid-template-columns:auto 60%\" data-aos=\"fade-up\" data-aos-duration=\"1500\" data-aos-easing=\"ease-in-out\" data-aos-once=\"true\"><div class=\"wp-block-media-text__content\">\n<h3 class=\"wp-block-heading has-text-align-center\" style=\"font-size:35px\">NOTRE MISSION<\/h3>\n\n\n\n<p class=\"has-text-align-center\" style=\"font-size:22px\"><mark style=\"background-color:rgba(0, 0, 0, 0)\" class=\"has-inline-color has-ast-global-color-1-color\"><strong>Passionn\u00e9s<\/strong><\/mark> par le domaine du jeu vid\u00e9o, notre mission est de <mark style=\"background-color:rgba(0, 0, 0, 0)\" class=\"has-inline-color has-ast-global-color-1-color\"><strong>donner vie<\/strong><\/mark> \u00e0 vos jeux en vous apportant une <mark style=\"background-color:rgba(0, 0, 0, 0)\" class=\"has-inline-color has-ast-global-color-1-color\"><strong>aide de qualit\u00e9<\/strong><\/mark> dont vous avez besoin.<\/p>\n<\/div><figure class=\"wp-block-media-text__media\"><img loading=\"lazy\" decoding=\"async\" width=\"1707\" height=\"2560\" src=\"https:\/\/mcyr.dectim.ca\/tp2\/viscera\/wp-content\/uploads\/2026\/02\/luis-villasmil-ITFwHdPEED0-unsplash-1-scaled.jpg\" alt=\"\" class=\"wp-image-334 size-full\" srcset=\"https:\/\/mcyr.dectim.ca\/tp2\/viscera\/wp-content\/uploads\/2026\/02\/luis-villasmil-ITFwHdPEED0-unsplash-1-scaled.jpg 1707w, https:\/\/mcyr.dectim.ca\/tp2\/viscera\/wp-content\/uploads\/2026\/02\/luis-villasmil-ITFwHdPEED0-unsplash-1-200x300.jpg 200w, https:\/\/mcyr.dectim.ca\/tp2\/viscera\/wp-content\/uploads\/2026\/02\/luis-villasmil-ITFwHdPEED0-unsplash-1-683x1024.jpg 683w, https:\/\/mcyr.dectim.ca\/tp2\/viscera\/wp-content\/uploads\/2026\/02\/luis-villasmil-ITFwHdPEED0-unsplash-1-768x1152.jpg 768w, https:\/\/mcyr.dectim.ca\/tp2\/viscera\/wp-content\/uploads\/2026\/02\/luis-villasmil-ITFwHdPEED0-unsplash-1-1024x1536.jpg 1024w, https:\/\/mcyr.dectim.ca\/tp2\/viscera\/wp-content\/uploads\/2026\/02\/luis-villasmil-ITFwHdPEED0-unsplash-1-1365x2048.jpg 1365w\" sizes=\"auto, (max-width: 1707px) 100vw, 1707px\" \/><\/figure><\/div>\n\n\n\n<div class=\"wp-block-uagb-separator uagb-block-bdb548c2 wp-block-uagb-separator--icon\"><div class=\"uagb-separator-spacing-wrapper\"><div class=\"wp-block-uagb-separator__inner\" style=\"--my-background-image:\"><div class=\"wp-block-uagb-separator-element\"><svg xmlns=\"https:\/\/www.w3.org\/2000\/svg\" viewBox=\"0 0 640 512\"><path d=\"M448 64H192C85.96 64 0 149.1 0 256s85.96 192 192 192h256c106 0 192-85.96 192-192S554 64 448 64zM247.1 280h-32v32c0 13.2-10.78 24-23.98 24c-13.2 0-24.02-10.8-24.02-24v-32L136 279.1C122.8 279.1 111.1 269.2 111.1 256c0-13.2 10.85-24.01 24.05-24.01L167.1 232v-32c0-13.2 10.82-24 24.02-24c13.2 0 23.98 10.8 23.98 24v32h32c13.2 0 24.02 10.8 24.02 24C271.1 269.2 261.2 280 247.1 280zM431.1 344c-22.12 0-39.1-17.87-39.1-39.1s17.87-40 39.1-40s39.1 17.88 39.1 40S454.1 344 431.1 344zM495.1 248c-22.12 0-39.1-17.87-39.1-39.1s17.87-40 39.1-40c22.12 0 39.1 17.88 39.1 40S518.1 248 495.1 248z\"><\/path><\/svg><\/div><\/div><\/div><\/div>\n\n\n\n<div class=\"wp-block-group is-layout-constrained wp-block-group-is-layout-constrained\" data-aos=\"fade-up\" data-aos-duration=\"1500\" data-aos-easing=\"ease-in-out\" data-aos-once=\"true\">\n<h2 class=\"wp-block-heading has-text-align-center\" style=\"margin-top:100px;margin-bottom:50px;font-size:70px\">Nos Valeurs<\/h2>\n\n\n\n<div class=\"wp-block-columns is-layout-flex wp-container-core-columns-is-layout-616b8f11 wp-block-columns-is-layout-flex\" style=\"padding-bottom:100px\">\n<div class=\"wp-block-column is-layout-flow wp-block-column-is-layout-flow\">\n<h3 class=\"wp-block-heading has-text-align-center\">Engagement<\/h3>\n\n\n\n<p class=\"has-text-align-center\" style=\"font-size:22px\">Chaque projet est pour nous un <mark style=\"background-color:rgba(0, 0, 0, 0)\" class=\"has-inline-color has-ast-global-color-1-color\">engagement \u00e0 100 %<\/mark>. Nous mettons tout en \u0153uvre pour en <mark style=\"background-color:rgba(0, 0, 0, 0)\" class=\"has-inline-color has-ast-global-color-1-color\">assurer la r\u00e9ussite<\/mark>.<\/p>\n<\/div>\n\n\n\n<div class=\"wp-block-column is-layout-flow wp-block-column-is-layout-flow\">\n<h3 class=\"wp-block-heading has-text-align-center\">Visibilit\u00e9<\/h3>\n\n\n\n<p class=\"has-text-align-center\" style=\"font-size:22px\">Nous cr\u00e9ons des jeux vid\u00e9o pour qu\u2019<strong>i<\/strong>ls <mark style=\"background-color:rgba(0, 0, 0, 0)\" class=\"has-inline-color has-ast-global-color-1-color\"><strong>plaisent<\/strong><\/mark>, qu\u2019ils soient <strong><mark style=\"background-color:rgba(0, 0, 0, 0)\" class=\"has-inline-color has-ast-global-color-1-color\">vus<\/mark> <\/strong>et qu\u2019ils vous mettent au <mark style=\"background-color:rgba(0, 0, 0, 0)\" class=\"has-inline-color has-ast-global-color-1-color\"><strong>premier rang<\/strong><\/mark> !<\/p>\n<\/div>\n\n\n\n<div class=\"wp-block-column is-layout-flow wp-block-column-is-layout-flow\">\n<h3 class=\"wp-block-heading has-text-align-center\">Collaboration<\/h3>\n\n\n\n<p class=\"has-text-align-center\" style=\"font-size:22px\">Travailler en <mark style=\"background-color:rgba(0, 0, 0, 0)\" class=\"has-inline-color has-ast-global-color-1-color\">collaboration<\/mark> avec le studio est notre mot d\u2019ordre. Un jeu atteint son <mark style=\"background-color:rgba(0, 0, 0, 0)\" class=\"has-inline-color has-ast-global-color-1-color\">plein potentiel<\/mark> avec un bon travail d\u2019\u00e9quipe !<\/p>\n<\/div>\n<\/div>\n<\/div>\n\n\n\n<div class=\"wp-block-uagb-separator uagb-block-c7708380 wp-block-uagb-separator--icon\"><div class=\"uagb-separator-spacing-wrapper\"><div class=\"wp-block-uagb-separator__inner\" style=\"--my-background-image:\"><div class=\"wp-block-uagb-separator-element\"><svg xmlns=\"https:\/\/www.w3.org\/2000\/svg\" viewBox=\"0 0 640 512\"><path d=\"M448 64H192C85.96 64 0 149.1 0 256s85.96 192 192 192h256c106 0 192-85.96 192-192S554 64 448 64zM247.1 280h-32v32c0 13.2-10.78 24-23.98 24c-13.2 0-24.02-10.8-24.02-24v-32L136 279.1C122.8 279.1 111.1 269.2 111.1 256c0-13.2 10.85-24.01 24.05-24.01L167.1 232v-32c0-13.2 10.82-24 24.02-24c13.2 0 23.98 10.8 23.98 24v32h32c13.2 0 24.02 10.8 24.02 24C271.1 269.2 261.2 280 247.1 280zM431.1 344c-22.12 0-39.1-17.87-39.1-39.1s17.87-40 39.1-40s39.1 17.88 39.1 40S454.1 344 431.1 344zM495.1 248c-22.12 0-39.1-17.87-39.1-39.1s17.87-40 39.1-40c22.12 0 39.1 17.88 39.1 40S518.1 248 495.1 248z\"><\/path><\/svg><\/div><\/div><\/div><\/div>\n\n\n\n<div class=\"wp-block-media-text alignfull is-stacked-on-mobile is-vertically-aligned-center img-transparent right\" style=\"margin-top:0;margin-right:0;margin-bottom:0;margin-left:0;padding-top:0;padding-right:220px;padding-bottom:100px;padding-left:0;grid-template-columns:60% auto\" data-aos=\"fade-up\" data-aos-duration=\"1500\" data-aos-easing=\"ease-in-out\" data-aos-once=\"true\"><figure class=\"wp-block-media-text__media\"><img loading=\"lazy\" decoding=\"async\" width=\"576\" height=\"1024\" src=\"https:\/\/mcyr.dectim.ca\/tp2\/viscera\/wp-content\/uploads\/2026\/02\/nafis-al-sadnan-9SJPBlFf2E8-unsplash-576x1024.jpg\" alt=\"\" class=\"wp-image-335 size-full\" srcset=\"https:\/\/mcyr.dectim.ca\/tp2\/viscera\/wp-content\/uploads\/2026\/02\/nafis-al-sadnan-9SJPBlFf2E8-unsplash-576x1024.jpg 576w, https:\/\/mcyr.dectim.ca\/tp2\/viscera\/wp-content\/uploads\/2026\/02\/nafis-al-sadnan-9SJPBlFf2E8-unsplash-169x300.jpg 169w, https:\/\/mcyr.dectim.ca\/tp2\/viscera\/wp-content\/uploads\/2026\/02\/nafis-al-sadnan-9SJPBlFf2E8-unsplash-768x1365.jpg 768w, https:\/\/mcyr.dectim.ca\/tp2\/viscera\/wp-content\/uploads\/2026\/02\/nafis-al-sadnan-9SJPBlFf2E8-unsplash-864x1536.jpg 864w, https:\/\/mcyr.dectim.ca\/tp2\/viscera\/wp-content\/uploads\/2026\/02\/nafis-al-sadnan-9SJPBlFf2E8-unsplash-1152x2048.jpg 1152w, https:\/\/mcyr.dectim.ca\/tp2\/viscera\/wp-content\/uploads\/2026\/02\/nafis-al-sadnan-9SJPBlFf2E8-unsplash-scaled.jpg 1440w\" sizes=\"auto, (max-width: 576px) 100vw, 576px\" \/><\/figure><div class=\"wp-block-media-text__content\">\n<h3 class=\"wp-block-heading has-text-align-center\" style=\"font-size:35px\">JOUEUR, COMME VOUS!<\/h3>\n\n\n\n<p class=\"has-text-align-center\" style=\"font-size:22px\">Le choix du domaine des jeux vid\u00e9o n\u2019est pas du tout un hasard ! Chaque membre de Viscera est un fan de jeux vid\u00e9o. Travailler dans sa passion est l\u2019une des raisons de la cr\u00e9ation de Viscera Studio. <\/p>\n<\/div><\/div>\n<\/div>\n","protected":false},"excerpt":{"rendered":"<p>NOTRE MISSION Passionn\u00e9s par le domaine du jeu vid\u00e9o, notre mission est de donner vie \u00e0 vos jeux en vous [&hellip;]<\/p>\n","protected":false},"author":1,"featured_media":0,"parent":0,"menu_order":0,"comment_status":"closed","ping_status":"closed","template":"","meta":{"_uag_custom_page_level_css":"","site-sidebar-layout":"default","site-content-layout":"","ast-site-content-layout":"default","site-content-style":"default","site-sidebar-style":"default","ast-global-header-display":"","ast-banner-title-visibility":"","ast-main-header-display":"","ast-hfb-above-header-display":"","ast-hfb-below-header-display":"","ast-hfb-mobile-header-display":"","site-post-title":"disabled","ast-breadcrumbs-content":"","ast-featured-img":"","footer-sml-layout":"","ast-disable-related-posts":"","theme-transparent-header-meta":"","adv-header-id-meta":"","stick-header-meta":"","header-above-stick-meta":"","header-main-stick-meta":"","header-below-stick-meta":"","astra-migrate-meta-layouts":"default","ast-page-background-enabled":"default","ast-page-background-meta":{"desktop":{"background-color":"var(--ast-global-color-5)","background-image":"","background-repeat":"repeat","background-position":"center center","background-size":"auto","background-attachment":"scroll","background-type":"","background-media":"","overlay-type":"","overlay-color":"","overlay-opacity":"","overlay-gradient":""},"tablet":{"background-color":"","background-image":"","background-repeat":"repeat","background-position":"center center","background-size":"auto","background-attachment":"scroll","background-type":"","background-media":"","overlay-type":"","overlay-color":"","overlay-opacity":"","overlay-gradient":""},"mobile":{"background-color":"","background-image":"","background-repeat":"repeat","background-position":"center center","background-size":"auto","background-attachment":"scroll","background-type":"","background-media":"","overlay-type":"","overlay-color":"","overlay-opacity":"","overlay-gradient":""}},"ast-content-background-meta":{"desktop":{"background-color":"var(--ast-global-color-4)","background-image":"","background-repeat":"repeat","background-position":"center center","background-size":"auto","background-attachment":"scroll","background-type":"","background-media":"","overlay-type":"","overlay-color":"","overlay-opacity":"","overlay-gradient":""},"tablet":{"background-color":"var(--ast-global-color-4)","background-image":"","background-repeat":"repeat","background-position":"center center","background-size":"auto","background-attachment":"scroll","background-type":"","background-media":"","overlay-type":"","overlay-color":"","overlay-opacity":"","overlay-gradient":""},"mobile":{"background-color":"var(--ast-global-color-4)","background-image":"","background-repeat":"repeat","background-position":"center center","background-size":"auto","background-attachment":"scroll","background-type":"","background-media":"","overlay-type":"","overlay-color":"","overlay-opacity":"","overlay-gradient":""}},"footnotes":""},"class_list":["post-46","page","type-page","status-publish","hentry"],"uagb_featured_image_src":{"full":false,"thumbnail":false,"medium":false,"medium_large":false,"large":false,"1536x1536":false,"2048x2048":false,"widget-thumbnail":false,"gform-image-choice-sm":false,"gform-image-choice-md":false,"gform-image-choice-lg":false,"awb_sm":false,"awb_md":false,"awb_lg":false,"awb_xl":false},"uagb_author_info":{"display_name":"Magalie","author_link":"https:\/\/mcyr.dectim.ca\/tp2\/viscera\/author\/magalie\/"},"uagb_comment_info":0,"uagb_excerpt":"NOTRE MISSION Passionn\u00e9s par le domaine du jeu vid\u00e9o, notre mission est de donner vie \u00e0 vos jeux en vous [&hellip;]","_links":{"self":[{"href":"https:\/\/mcyr.dectim.ca\/tp2\/viscera\/wp-json\/wp\/v2\/pages\/46","targetHints":{"allow":["GET"]}}],"collection":[{"href":"https:\/\/mcyr.dectim.ca\/tp2\/viscera\/wp-json\/wp\/v2\/pages"}],"about":[{"href":"https:\/\/mcyr.dectim.ca\/tp2\/viscera\/wp-json\/wp\/v2\/types\/page"}],"author":[{"embeddable":true,"href":"https:\/\/mcyr.dectim.ca\/tp2\/viscera\/wp-json\/wp\/v2\/users\/1"}],"replies":[{"embeddable":true,"href":"https:\/\/mcyr.dectim.ca\/tp2\/viscera\/wp-json\/wp\/v2\/comments?post=46"}],"version-history":[{"count":96,"href":"https:\/\/mcyr.dectim.ca\/tp2\/viscera\/wp-json\/wp\/v2\/pages\/46\/revisions"}],"predecessor-version":[{"id":1602,"href":"https:\/\/mcyr.dectim.ca\/tp2\/viscera\/wp-json\/wp\/v2\/pages\/46\/revisions\/1602"}],"wp:attachment":[{"href":"https:\/\/mcyr.dectim.ca\/tp2\/viscera\/wp-json\/wp\/v2\/media?parent=46"}],"curies":[{"name":"wp","href":"https:\/\/api.w.org\/{rel}","templated":true}]}}