{"id":29,"date":"2026-02-15T13:21:52","date_gmt":"2026-02-15T18:21:52","guid":{"rendered":"https:\/\/mcyr.dectim.ca\/tp2\/viscera\/?page_id=29"},"modified":"2026-04-28T15:25:56","modified_gmt":"2026-04-28T19:25:56","slug":"portfolio","status":"publish","type":"page","link":"https:\/\/mcyr.dectim.ca\/tp2\/viscera\/portfolio\/","title":{"rendered":"Portfolio"},"content":{"rendered":"\n<div class=\"wp-block-nk-awb nk-awb alignfull has-000000-background-color has-background\" style=\"padding-top:300px;padding-bottom:300px\"><div class=\"nk-awb-wrap\" style=\"background:#000000\" data-awb-type=\"yt_vm_video\" data-awb-video=\"https:\/\/youtu.be\/O-AHe1o0IDU?si=W5cq3EaEwjCPyHn1\" data-awb-video-mobile=\"false\"><div class=\"nk-awb-overlay\" style=\"background: linear-gradient(0deg,rgb(1,1,1) 0%,rgb(0,0,0) 0%,rgba(255,255,255,0) 49%,rgb(0,0,0) 100%);\"><\/div><div class=\"nk-awb-inner\" style=\"opacity: 0.6;\"><\/div><\/div><div class=\"nk-awb-wrap-content is-layout-constrained wp-block-nk-awb-is-layout-constrained\">\n<h1 class=\"wp-block-heading has-text-align-center\">Portfolio<\/h1>\n<\/div><\/div>\n\n\n\n<div class=\"wp-block-group alignfull has-black-background-color has-background is-layout-constrained wp-block-group-is-layout-constrained\">\n<div class=\"wp-block-uagb-container uagb-layout-grid uagb-block-f5de4b62 alignfull uagb-is-root-container\"><div class=\"uagb-container-inner-blocks-wrap\">\n<div data-aos-duration=\"1000\" data-aos-easing=\"ease-in-out\" data-aos-offset=\"200\" data-aos-once=\"true\" data-aos=\"fade-up\" class=\"wp-block-uagb-container container-relative uagb-block-aff9f75b\">\n<div class=\"wp-block-uagb-image aligncenter uagb-block-2a52cbe7 wp-block-uagb-image--layout-overlay wp-block-uagb-image--effect-zoomin wp-block-uagb-image--align-center\"><figure class=\"wp-block-uagb-image__figure\"><a class=\"\" href=\"https:\/\/mcyr.dectim.ca\/tp2\/viscera\/projet-1\/\" target=\"\" rel=\"noopener\"><img decoding=\"async\" srcset=\"https:\/\/mcyr.dectim.ca\/tp2\/viscera\/wp-content\/uploads\/2026\/03\/Couverture-1.jpg ,https:\/\/mcyr.dectim.ca\/tp2\/viscera\/wp-content\/uploads\/2026\/03\/Couverture-1.jpg 780w, https:\/\/mcyr.dectim.ca\/tp2\/viscera\/wp-content\/uploads\/2026\/03\/Couverture-1.jpg 360w\" sizes=\"auto, (max-width: 480px) 150px\" src=\"https:\/\/mcyr.dectim.ca\/tp2\/viscera\/wp-content\/uploads\/2026\/03\/Couverture-1.jpg\" alt=\"\" class=\"uag-image-1097\" width=\"1920\" height=\"500\" title=\"\" loading=\"lazy\" role=\"presentation\"\/><\/a><div class=\"wp-block-uagb-image--layout-overlay__color-wrapper\"><\/div><div class=\"wp-block-uagb-image--layout-overlay__inner center-center\"><a class=\"wp-block-uagb-image--layout-overlay-link \" href=\"https:\/\/mcyr.dectim.ca\/tp2\/viscera\/projet-1\/\" target=\"\" rel=\"noopener\"><\/a><h3 class=\"uagb-image-heading\">Lambou<\/h3><figcaption class=\"uagb-image-caption\">Par Magalie Cyr<\/figcaption><\/div><\/figure><\/div>\n<\/div>\n\n\n\n<div data-aos-duration=\"1000\" data-aos-easing=\"ease-in-out\" data-aos-offset=\"200\" data-aos-once=\"true\" data-aos=\"fade-up\" class=\"wp-block-uagb-container container-relative uagb-block-89b66547\">\n<div class=\"wp-block-uagb-image aligncenter uagb-block-5d9b2b54 wp-block-uagb-image--layout-overlay wp-block-uagb-image--effect-zoomin wp-block-uagb-image--align-center\"><figure class=\"wp-block-uagb-image__figure\"><a class=\"\" href=\"https:\/\/mcyr.dectim.ca\/tp2\/viscera\/projet-2\/\" target=\"\" rel=\"noopener\"><img decoding=\"async\" srcset=\"https:\/\/mcyr.dectim.ca\/tp2\/viscera\/wp-content\/uploads\/2026\/03\/mhwilds.webp ,https:\/\/mcyr.dectim.ca\/tp2\/viscera\/wp-content\/uploads\/2026\/03\/mhwilds.webp 780w, https:\/\/mcyr.dectim.ca\/tp2\/viscera\/wp-content\/uploads\/2026\/03\/mhwilds.webp 360w\" sizes=\"auto, (max-width: 480px) 150px\" src=\"https:\/\/mcyr.dectim.ca\/tp2\/viscera\/wp-content\/uploads\/2026\/03\/mhwilds.webp\" alt=\"\" class=\"uag-image-1166\" width=\"1920\" height=\"500\" title=\"\" loading=\"lazy\" role=\"presentation\"\/><\/a><div class=\"wp-block-uagb-image--layout-overlay__color-wrapper\"><\/div><div class=\"wp-block-uagb-image--layout-overlay__inner center-center\"><a class=\"wp-block-uagb-image--layout-overlay-link \" href=\"https:\/\/mcyr.dectim.ca\/tp2\/viscera\/projet-2\/\" target=\"\" rel=\"noopener\"><\/a><h3 class=\"uagb-image-heading\">Site Monster Hunter<\/h3><figcaption class=\"uagb-image-caption\">par Simon Savard-Blondel<\/figcaption><\/div><\/figure><\/div>\n<\/div>\n\n\n\n<div data-aos-duration=\"1000\" data-aos-easing=\"ease-in-out\" data-aos-offset=\"200\" data-aos-once=\"true\" data-aos=\"fade-up\" class=\"wp-block-uagb-container container-relative uagb-block-f40b45c7\">\n<div class=\"wp-block-uagb-image aligncenter uagb-block-9d3c563f wp-block-uagb-image--layout-overlay wp-block-uagb-image--effect-zoomin wp-block-uagb-image--align-center\"><figure class=\"wp-block-uagb-image__figure\"><a class=\"\" href=\"https:\/\/mcyr.dectim.ca\/tp2\/viscera\/projet-3\/\" target=\"\" rel=\"noopener\"><img decoding=\"async\" srcset=\"https:\/\/mcyr.dectim.ca\/tp2\/viscera\/wp-content\/uploads\/2026\/03\/squirrel-girl-from-marvel-rivals-v0-6a6zxstn834e1.webp ,https:\/\/mcyr.dectim.ca\/tp2\/viscera\/wp-content\/uploads\/2026\/03\/squirrel-girl-from-marvel-rivals-v0-6a6zxstn834e1.webp 780w, https:\/\/mcyr.dectim.ca\/tp2\/viscera\/wp-content\/uploads\/2026\/03\/squirrel-girl-from-marvel-rivals-v0-6a6zxstn834e1.webp 360w\" sizes=\"auto, (max-width: 480px) 150px\" src=\"https:\/\/mcyr.dectim.ca\/tp2\/viscera\/wp-content\/uploads\/2026\/03\/squirrel-girl-from-marvel-rivals-v0-6a6zxstn834e1.webp\" alt=\"\" class=\"uag-image-1188\" width=\"1920\" height=\"500\" title=\"\" loading=\"lazy\" role=\"presentation\"\/><\/a><div class=\"wp-block-uagb-image--layout-overlay__color-wrapper\"><\/div><div class=\"wp-block-uagb-image--layout-overlay__inner center-center\"><a class=\"wp-block-uagb-image--layout-overlay-link \" href=\"https:\/\/mcyr.dectim.ca\/tp2\/viscera\/projet-3\/\" target=\"\" rel=\"noopener\"><\/a><h3 class=\"uagb-image-heading\">Tippy-Toe<\/h3><figcaption class=\"uagb-image-caption\">par St\u00e9phanie L\u00e9veill\u00e9<\/figcaption><\/div><\/figure><\/div>\n<\/div>\n<\/div><\/div>\n<\/div>\n","protected":false},"excerpt":{"rendered":"","protected":false},"author":1,"featured_media":0,"parent":0,"menu_order":0,"comment_status":"closed","ping_status":"closed","template":"","meta":{"_uag_custom_page_level_css":"","site-sidebar-layout":"default","site-content-layout":"","ast-site-content-layout":"default","site-content-style":"default","site-sidebar-style":"default","ast-global-header-display":"","ast-banner-title-visibility":"","ast-main-header-display":"","ast-hfb-above-header-display":"","ast-hfb-below-header-display":"","ast-hfb-mobile-header-display":"","site-post-title":"disabled","ast-breadcrumbs-content":"","ast-featured-img":"","footer-sml-layout":"","ast-disable-related-posts":"","theme-transparent-header-meta":"","adv-header-id-meta":"","stick-header-meta":"","header-above-stick-meta":"","header-main-stick-meta":"","header-below-stick-meta":"","astra-migrate-meta-layouts":"default","ast-page-background-enabled":"default","ast-page-background-meta":{"desktop":{"background-color":"var(--ast-global-color-5)","background-image":"","background-repeat":"repeat","background-position":"center center","background-size":"auto","background-attachment":"scroll","background-type":"","background-media":"","overlay-type":"","overlay-color":"","overlay-opacity":"","overlay-gradient":""},"tablet":{"background-color":"","background-image":"","background-repeat":"repeat","background-position":"center center","background-size":"auto","background-attachment":"scroll","background-type":"","background-media":"","overlay-type":"","overlay-color":"","overlay-opacity":"","overlay-gradient":""},"mobile":{"background-color":"","background-image":"","background-repeat":"repeat","background-position":"center center","background-size":"auto","background-attachment":"scroll","background-type":"","background-media":"","overlay-type":"","overlay-color":"","overlay-opacity":"","overlay-gradient":""}},"ast-content-background-meta":{"desktop":{"background-color":"var(--ast-global-color-4)","background-image":"","background-repeat":"repeat","background-position":"center center","background-size":"auto","background-attachment":"scroll","background-type":"","background-media":"","overlay-type":"","overlay-color":"","overlay-opacity":"","overlay-gradient":""},"tablet":{"background-color":"var(--ast-global-color-4)","background-image":"","background-repeat":"repeat","background-position":"center center","background-size":"auto","background-attachment":"scroll","background-type":"","background-media":"","overlay-type":"","overlay-color":"","overlay-opacity":"","overlay-gradient":""},"mobile":{"background-color":"var(--ast-global-color-4)","background-image":"","background-repeat":"repeat","background-position":"center center","background-size":"auto","background-attachment":"scroll","background-type":"","background-media":"","overlay-type":"","overlay-color":"","overlay-opacity":"","overlay-gradient":""}},"footnotes":""},"class_list":["post-29","page","type-page","status-publish","hentry"],"uagb_featured_image_src":{"full":false,"thumbnail":false,"medium":false,"medium_large":false,"large":false,"1536x1536":false,"2048x2048":false,"widget-thumbnail":false,"gform-image-choice-sm":false,"gform-image-choice-md":false,"gform-image-choice-lg":false,"awb_sm":false,"awb_md":false,"awb_lg":false,"awb_xl":false},"uagb_author_info":{"display_name":"Magalie","author_link":"https:\/\/mcyr.dectim.ca\/tp2\/viscera\/author\/magalie\/"},"uagb_comment_info":0,"uagb_excerpt":null,"_links":{"self":[{"href":"https:\/\/mcyr.dectim.ca\/tp2\/viscera\/wp-json\/wp\/v2\/pages\/29","targetHints":{"allow":["GET"]}}],"collection":[{"href":"https:\/\/mcyr.dectim.ca\/tp2\/viscera\/wp-json\/wp\/v2\/pages"}],"about":[{"href":"https:\/\/mcyr.dectim.ca\/tp2\/viscera\/wp-json\/wp\/v2\/types\/page"}],"author":[{"embeddable":true,"href":"https:\/\/mcyr.dectim.ca\/tp2\/viscera\/wp-json\/wp\/v2\/users\/1"}],"replies":[{"embeddable":true,"href":"https:\/\/mcyr.dectim.ca\/tp2\/viscera\/wp-json\/wp\/v2\/comments?post=29"}],"version-history":[{"count":39,"href":"https:\/\/mcyr.dectim.ca\/tp2\/viscera\/wp-json\/wp\/v2\/pages\/29\/revisions"}],"predecessor-version":[{"id":1755,"href":"https:\/\/mcyr.dectim.ca\/tp2\/viscera\/wp-json\/wp\/v2\/pages\/29\/revisions\/1755"}],"wp:attachment":[{"href":"https:\/\/mcyr.dectim.ca\/tp2\/viscera\/wp-json\/wp\/v2\/media?parent=29"}],"curies":[{"name":"wp","href":"https:\/\/api.w.org\/{rel}","templated":true}]}}