{"id":17,"date":"2026-02-04T19:39:42","date_gmt":"2026-02-05T00:39:42","guid":{"rendered":"https:\/\/mcyr.dectim.ca\/tp2\/viscera\/?page_id=17"},"modified":"2026-04-28T15:24:08","modified_gmt":"2026-04-28T19:24:08","slug":"presentation-services","status":"publish","type":"page","link":"https:\/\/mcyr.dectim.ca\/tp2\/viscera\/presentation-services\/","title":{"rendered":"Nos Services"},"content":{"rendered":"\n<div class=\"wp-block-nk-awb nk-awb alignfull has-000000-background-color has-background\" style=\"padding-top:300px;padding-bottom:300px\"><div class=\"nk-awb-wrap\" style=\"background:#000000\" data-awb-type=\"yt_vm_video\" data-awb-video=\"https:\/\/youtu.be\/gW22hVe5_fI?si=SQgch8DOuPE_JCvN\" data-awb-video-mobile=\"false\"><div class=\"nk-awb-overlay\" style=\"background: linear-gradient(0deg,rgb(0,0,0) 0%,rgba(255,255,255,0) 46%,rgb(0,0,0) 100%);\"><\/div><div class=\"nk-awb-inner\" style=\"opacity: 0.6;\"><\/div><\/div><div class=\"nk-awb-wrap-content is-layout-constrained wp-block-nk-awb-is-layout-constrained\">\n<h1 class=\"wp-block-heading has-text-align-center\">Nos Services<\/h1>\n<\/div><\/div>\n\n\n\n<div class=\"wp-block-group alignfull has-black-background-color has-background is-layout-constrained wp-container-core-group-is-layout-0b75051e wp-block-group-is-layout-constrained\" style=\"margin-top:0;margin-bottom:0;padding-top:100px;padding-right:0;padding-bottom:0;padding-left:0\">\n<div class=\"wp-block-group is-layout-constrained wp-block-group-is-layout-constrained\" style=\"margin-bottom:150px\">\n<div class=\"wp-block-group has-black-background-color has-background is-layout-constrained wp-block-group-is-layout-constrained\">\n<div class=\"wp-block-uagb-container uagb-layout-grid uagb-block-f5de4b62 alignfull uagb-is-root-container\"><div class=\"uagb-container-inner-blocks-wrap\">\n<div data-aos-duration=\"1000\" data-aos-easing=\"ease-in-out\" data-aos-offset=\"200\" data-aos-once=\"true\" data-aos=\"fade-up\" class=\"wp-block-uagb-container container-relative uagb-block-aff9f75b\">\n<div class=\"wp-block-uagb-image aligncenter uagb-block-2a52cbe7 wp-block-uagb-image--layout-overlay wp-block-uagb-image--effect-zoomin wp-block-uagb-image--align-center\"><figure class=\"wp-block-uagb-image__figure\"><a class=\"\" href=\"https:\/\/mcyr.dectim.ca\/tp2\/viscera\/programmation\/\" target=\"\" rel=\"noopener\"><img decoding=\"async\" srcset=\"https:\/\/mcyr.dectim.ca\/tp2\/viscera\/wp-content\/uploads\/2026\/02\/coding-1024x768.jpg ,https:\/\/mcyr.dectim.ca\/tp2\/viscera\/wp-content\/uploads\/2026\/02\/coding-scaled.jpg 780w, https:\/\/mcyr.dectim.ca\/tp2\/viscera\/wp-content\/uploads\/2026\/02\/coding-scaled.jpg 360w\" sizes=\"auto, (max-width: 480px) 150px\" src=\"https:\/\/mcyr.dectim.ca\/tp2\/viscera\/wp-content\/uploads\/2026\/02\/coding-1024x768.jpg\" alt=\"\" class=\"uag-image-304\" width=\"1920\" height=\"500\" title=\"\" loading=\"lazy\" role=\"presentation\"\/><\/a><div class=\"wp-block-uagb-image--layout-overlay__color-wrapper\"><\/div><div class=\"wp-block-uagb-image--layout-overlay__inner center-center\"><a class=\"wp-block-uagb-image--layout-overlay-link \" href=\"https:\/\/mcyr.dectim.ca\/tp2\/viscera\/programmation\/\" target=\"\" rel=\"noopener\"><\/a><h3 class=\"uagb-image-heading\">Programmation De jeu<\/h3><figcaption class=\"uagb-image-caption\">Application, Console, Ordinateur<\/figcaption><\/div><\/figure><\/div>\n<\/div>\n\n\n\n<div data-aos-duration=\"1000\" data-aos-easing=\"ease-in-out\" data-aos-offset=\"200\" data-aos-once=\"true\" data-aos=\"fade-up\" class=\"wp-block-uagb-container container-relative uagb-block-89b66547\">\n<div class=\"wp-block-uagb-image aligncenter uagb-block-5d9b2b54 wp-block-uagb-image--layout-overlay wp-block-uagb-image--effect-zoomin wp-block-uagb-image--align-center\"><figure class=\"wp-block-uagb-image__figure\"><a class=\"\" href=\"https:\/\/mcyr.dectim.ca\/tp2\/viscera\/modelisation-3d-et-animations\/\" target=\"\" rel=\"noopener\"><img decoding=\"async\" srcset=\"https:\/\/mcyr.dectim.ca\/tp2\/viscera\/wp-content\/uploads\/2026\/02\/3d-modeling.png ,https:\/\/mcyr.dectim.ca\/tp2\/viscera\/wp-content\/uploads\/2026\/02\/3d-modeling.png 780w, https:\/\/mcyr.dectim.ca\/tp2\/viscera\/wp-content\/uploads\/2026\/02\/3d-modeling.png 360w\" sizes=\"auto, (max-width: 480px) 150px\" src=\"https:\/\/mcyr.dectim.ca\/tp2\/viscera\/wp-content\/uploads\/2026\/02\/3d-modeling.png\" alt=\"\" class=\"uag-image-310\" width=\"1920\" height=\"500\" title=\"\" loading=\"lazy\" role=\"presentation\"\/><\/a><div class=\"wp-block-uagb-image--layout-overlay__color-wrapper\"><\/div><div class=\"wp-block-uagb-image--layout-overlay__inner center-center\"><a class=\"wp-block-uagb-image--layout-overlay-link \" href=\"https:\/\/mcyr.dectim.ca\/tp2\/viscera\/modelisation-3d-et-animations\/\" target=\"\" rel=\"noopener\"><\/a><h3 class=\"uagb-image-heading\">Mod\u00e9lisation 3D et Animation<\/h3><figcaption class=\"uagb-image-caption\">Personnage, Environnement, B\u00e2timent, Animation 2D et 3D<\/figcaption><\/div><\/figure><\/div>\n<\/div>\n\n\n\n<div data-aos-duration=\"1000\" data-aos-easing=\"ease-in-out\" data-aos-offset=\"200\" data-aos-once=\"true\" data-aos=\"fade-up\" class=\"wp-block-uagb-container container-relative uagb-block-f40b45c7\">\n<div class=\"wp-block-uagb-image aligncenter uagb-block-9d3c563f wp-block-uagb-image--layout-overlay wp-block-uagb-image--effect-zoomin wp-block-uagb-image--align-center\"><figure class=\"wp-block-uagb-image__figure\"><a class=\"\" href=\"https:\/\/mcyr.dectim.ca\/tp2\/viscera\/illustrations-et-promotions\/\" target=\"\" rel=\"noopener\"><img decoding=\"async\" srcset=\"https:\/\/mcyr.dectim.ca\/tp2\/viscera\/wp-content\/uploads\/2026\/03\/pexels-messalaciulla-2831797-scaled.jpg ,https:\/\/mcyr.dectim.ca\/tp2\/viscera\/wp-content\/uploads\/2026\/03\/pexels-messalaciulla-2831797-scaled.jpg 780w, https:\/\/mcyr.dectim.ca\/tp2\/viscera\/wp-content\/uploads\/2026\/03\/pexels-messalaciulla-2831797-scaled.jpg 360w\" sizes=\"auto, (max-width: 480px) 150px\" src=\"https:\/\/mcyr.dectim.ca\/tp2\/viscera\/wp-content\/uploads\/2026\/03\/pexels-messalaciulla-2831797-scaled.jpg\" alt=\"\" class=\"uag-image-741\" width=\"2560\" height=\"500\" title=\"\" loading=\"lazy\" role=\"presentation\"\/><\/a><div class=\"wp-block-uagb-image--layout-overlay__color-wrapper\"><\/div><div class=\"wp-block-uagb-image--layout-overlay__inner center-center\"><a class=\"wp-block-uagb-image--layout-overlay-link \" href=\"https:\/\/mcyr.dectim.ca\/tp2\/viscera\/illustrations-et-promotions\/\" target=\"\" rel=\"noopener\"><\/a><h3 class=\"uagb-image-heading\">Illustration et Promotion<\/h3><figcaption class=\"uagb-image-caption\">Cr\u00e9ation de dessin, Affiche, Vid\u00e9o et Bande-annonce<\/figcaption><\/div><\/figure><\/div>\n<\/div>\n<\/div><\/div>\n<\/div>\n<\/div>\n\n\n\n<h2 class=\"wp-block-heading has-text-align-center\" style=\"margin-bottom:100px\" data-aos=\"fade-up\" data-aos-duration=\"1000\" data-aos-easing=\"ease-in-out\" data-aos-once=\"true\" data-aos-offset=\"200\"><strong>Ce que nos clients en pensent<\/strong><\/h2>\n\n\n\n<div class=\"wp-block-uagb-testimonial uagb-slick-carousel uagb-tm__arrow-outside uagb-block-f3fee41b uagb-post__carousel_equal-height\" data-aos=\"fade-up\" data-aos-duration=\"1000\" data-aos-easing=\"ease-in-out\" data-aos-once=\"true\" data-aos-offset=\"200\"><div class=\"is-carousel uagb-tm__columns-3 uagb-tm__items\"><div class=\"uagb-testimonial__wrap  uagb-tm__imgicon-style-normal uagb-tm__image-position-bottom uagb-tm__bg-type-none \"><div class=\"uagb-tm__content\"><div class=\"uagb-tm__overlay\"><\/div><div class=\"uagb-tm__text-wrap\"><div class=\"uagb-tm__desc\">Nous avons collabor\u00e9 avec Viscera pour notre jeu Hollow Knight et leurs services \u00e9taient impeccables. Nous avons fini par utiliser tous leurs services!<\/div><div class=\"uagb-tm__meta-inner\"><div class=\"uagb-tm__image-content\"><div class=\"uagb-tm__image\"><img decoding=\"async\" class=\"uagb-tm-img-src\" src=\"https:\/\/mcyr.dectim.ca\/tp2\/viscera\/wp-content\/uploads\/2026\/02\/cherry_team-150x150.png\" alt=\"\" width=\"60\" height=\"60\" loading=\"lazy\"\/><\/div><\/div><div class=\"uagb-testimonial-details\"><span class=\"uagb-tm__author-name\">Team Cherry<\/span><span class=\"uagb-tm__company\">Company Name<\/span><\/div><\/div><\/div><\/div><\/div><div class=\"uagb-testimonial__wrap  uagb-tm__imgicon-style-normal uagb-tm__image-position-bottom uagb-tm__bg-type-none \"><div class=\"uagb-tm__content\"><div class=\"uagb-tm__overlay\"><\/div><div class=\"uagb-tm__text-wrap\"><div class=\"uagb-tm__desc\">Nous avons demand\u00e9 \u00e0 Viscera de nous aider dans la mod\u00e9lisation de nos assets. Leur travail fut de tr\u00e8s bonne qualit\u00e9. Je vous les recommande!<\/div><div class=\"uagb-tm__meta-inner\"><div class=\"uagb-tm__image-content\"><div class=\"uagb-tm__image\"><img decoding=\"async\" class=\"uagb-tm-img-src\" src=\"https:\/\/mcyr.dectim.ca\/tp2\/viscera\/wp-content\/uploads\/2026\/03\/simple-icons_rockstargames.png\" alt=\"\" width=\"60\" height=\"60\" loading=\"lazy\"\/><\/div><\/div><div class=\"uagb-testimonial-details\"><span class=\"uagb-tm__author-name\">Rockstar<\/span><span class=\"uagb-tm__company\">Company Name<\/span><\/div><\/div><\/div><\/div><\/div><div class=\"uagb-testimonial__wrap  uagb-tm__imgicon-style-normal uagb-tm__image-position-bottom uagb-tm__bg-type-none \"><div class=\"uagb-tm__content\"><div class=\"uagb-tm__overlay\"><\/div><div class=\"uagb-tm__text-wrap\"><div class=\"uagb-tm__desc\">Parfait pour faire avancer votre jeu rapidement ! Nous avons pris leurs services de programmation et promotion. Viscera a une \u00e9quipe incroyable et professionnelle.<\/div><div class=\"uagb-tm__meta-inner\"><div class=\"uagb-tm__image-content\"><div class=\"uagb-tm__image\"><img decoding=\"async\" class=\"uagb-tm-img-src\" src=\"https:\/\/mcyr.dectim.ca\/tp2\/viscera\/wp-content\/uploads\/2026\/04\/Riot-Games-Emblem-150x150.png\" alt=\"\" width=\"60\" height=\"60\" loading=\"lazy\"\/><\/div><\/div><div class=\"uagb-testimonial-details\"><span class=\"uagb-tm__author-name\">Riot Games<\/span><span class=\"uagb-tm__company\">Company Name<\/span><\/div><\/div><\/div><\/div><\/div><div class=\"uagb-testimonial__wrap  uagb-tm__imgicon-style-normal uagb-tm__image-position-bottom uagb-tm__bg-type-none \"><div class=\"uagb-tm__content\"><div class=\"uagb-tm__overlay\"><\/div><div class=\"uagb-tm__text-wrap\"><div class=\"uagb-tm__desc\">Wow! Viscera nous a aid\u00e9 dans la promotion de plusieurs de nos jeux et nous ferons affaire avec eux dans le futur!<\/div><div class=\"uagb-tm__meta-inner\"><div class=\"uagb-tm__image-content\"><div class=\"uagb-tm__image\"><img decoding=\"async\" class=\"uagb-tm-img-src\" src=\"https:\/\/mcyr.dectim.ca\/tp2\/viscera\/wp-content\/uploads\/2026\/02\/ubisoft-1-e1777333982556-150x150.png\" alt=\"\" width=\"60\" height=\"60\" loading=\"lazy\"\/><\/div><\/div><div class=\"uagb-testimonial-details\"><span class=\"uagb-tm__author-name\">Ubisoft<\/span><span class=\"uagb-tm__company\">Company Name<\/span><\/div><\/div><\/div><\/div><\/div><div class=\"uagb-testimonial__wrap  uagb-tm__imgicon-style-normal uagb-tm__image-position-bottom uagb-tm__bg-type-none \"><div class=\"uagb-tm__content\"><div class=\"uagb-tm__overlay\"><\/div><div class=\"uagb-tm__text-wrap\"><div class=\"uagb-tm__desc\">Nous avons utilis\u00e9 les services de promotion et illustration. Les affiches et bandes annonce qu\u2019ils ont produites \u00e9taient fabuleuses!<\/div><div class=\"uagb-tm__meta-inner\"><div class=\"uagb-tm__image-content\"><div class=\"uagb-tm__image\"><img decoding=\"async\" class=\"uagb-tm-img-src\" src=\"https:\/\/mcyr.dectim.ca\/tp2\/viscera\/wp-content\/uploads\/2026\/02\/square-enix-150x150.png\" alt=\"\" width=\"60\" height=\"60\" loading=\"lazy\"\/><\/div><\/div><div class=\"uagb-testimonial-details\"><span class=\"uagb-tm__author-name\">Square Enix<\/span><span class=\"uagb-tm__company\">Company Name<\/span><\/div><\/div><\/div><\/div><\/div><div class=\"uagb-testimonial__wrap  uagb-tm__imgicon-style-normal uagb-tm__image-position-bottom uagb-tm__bg-type-none \"><div class=\"uagb-tm__content\"><div class=\"uagb-tm__overlay\"><\/div><div class=\"uagb-tm__text-wrap\"><div class=\"uagb-tm__desc\">Viscera a fait tous nos personnages de Fortnite depuis leur ouverture. La qualit\u00e9 \u00e9tait \u00e0 couper le souffle. Merci encore!<\/div><div class=\"uagb-tm__meta-inner\"><div class=\"uagb-tm__image-content\"><div class=\"uagb-tm__image\"><img decoding=\"async\" class=\"uagb-tm-img-src\" src=\"https:\/\/mcyr.dectim.ca\/tp2\/viscera\/wp-content\/uploads\/2026\/04\/UnrealEngine_eg-logo-filled-1255x1272-0eb9d144a0f981d1cbaaa1eb957de7a3207b31bb-150x150.png\" alt=\"\" width=\"60\" height=\"60\" loading=\"lazy\"\/><\/div><\/div><div class=\"uagb-testimonial-details\"><span class=\"uagb-tm__author-name\">Epic Games<\/span><span class=\"uagb-tm__company\">Company Name<\/span><\/div><\/div><\/div><\/div><\/div><\/div><\/div>\n<\/div>\n","protected":false},"excerpt":{"rendered":"<p>Ce que nos clients en pensent<\/p>\n","protected":false},"author":2,"featured_media":0,"parent":0,"menu_order":0,"comment_status":"closed","ping_status":"closed","template":"","meta":{"_uag_custom_page_level_css":"","site-sidebar-layout":"default","site-content-layout":"","ast-site-content-layout":"default","site-content-style":"default","site-sidebar-style":"default","ast-global-header-display":"","ast-banner-title-visibility":"","ast-main-header-display":"","ast-hfb-above-header-display":"","ast-hfb-below-header-display":"","ast-hfb-mobile-header-display":"","site-post-title":"disabled","ast-breadcrumbs-content":"","ast-featured-img":"","footer-sml-layout":"","ast-disable-related-posts":"","theme-transparent-header-meta":"","adv-header-id-meta":"","stick-header-meta":"","header-above-stick-meta":"","header-main-stick-meta":"","header-below-stick-meta":"","astra-migrate-meta-layouts":"default","ast-page-background-enabled":"default","ast-page-background-meta":{"desktop":{"background-color":"var(--ast-global-color-5)","background-image":"","background-repeat":"repeat","background-position":"center center","background-size":"auto","background-attachment":"scroll","background-type":"","background-media":"","overlay-type":"","overlay-color":"","overlay-opacity":"","overlay-gradient":""},"tablet":{"background-color":"","background-image":"","background-repeat":"repeat","background-position":"center center","background-size":"auto","background-attachment":"scroll","background-type":"","background-media":"","overlay-type":"","overlay-color":"","overlay-opacity":"","overlay-gradient":""},"mobile":{"background-color":"","background-image":"","background-repeat":"repeat","background-position":"center center","background-size":"auto","background-attachment":"scroll","background-type":"","background-media":"","overlay-type":"","overlay-color":"","overlay-opacity":"","overlay-gradient":""}},"ast-content-background-meta":{"desktop":{"background-color":"var(--ast-global-color-4)","background-image":"","background-repeat":"repeat","background-position":"center center","background-size":"auto","background-attachment":"scroll","background-type":"","background-media":"","overlay-type":"","overlay-color":"","overlay-opacity":"","overlay-gradient":""},"tablet":{"background-color":"var(--ast-global-color-4)","background-image":"","background-repeat":"repeat","background-position":"center center","background-size":"auto","background-attachment":"scroll","background-type":"","background-media":"","overlay-type":"","overlay-color":"","overlay-opacity":"","overlay-gradient":""},"mobile":{"background-color":"var(--ast-global-color-4)","background-image":"","background-repeat":"repeat","background-position":"center center","background-size":"auto","background-attachment":"scroll","background-type":"","background-media":"","overlay-type":"","overlay-color":"","overlay-opacity":"","overlay-gradient":""}},"footnotes":""},"class_list":["post-17","page","type-page","status-publish","hentry"],"uagb_featured_image_src":{"full":false,"thumbnail":false,"medium":false,"medium_large":false,"large":false,"1536x1536":false,"2048x2048":false,"widget-thumbnail":false,"gform-image-choice-sm":false,"gform-image-choice-md":false,"gform-image-choice-lg":false,"awb_sm":false,"awb_md":false,"awb_lg":false,"awb_xl":false},"uagb_author_info":{"display_name":"Simon Savard-Blondel","author_link":"https:\/\/mcyr.dectim.ca\/tp2\/viscera\/author\/simon\/"},"uagb_comment_info":0,"uagb_excerpt":"Ce que nos clients en pensent","_links":{"self":[{"href":"https:\/\/mcyr.dectim.ca\/tp2\/viscera\/wp-json\/wp\/v2\/pages\/17","targetHints":{"allow":["GET"]}}],"collection":[{"href":"https:\/\/mcyr.dectim.ca\/tp2\/viscera\/wp-json\/wp\/v2\/pages"}],"about":[{"href":"https:\/\/mcyr.dectim.ca\/tp2\/viscera\/wp-json\/wp\/v2\/types\/page"}],"author":[{"embeddable":true,"href":"https:\/\/mcyr.dectim.ca\/tp2\/viscera\/wp-json\/wp\/v2\/users\/2"}],"replies":[{"embeddable":true,"href":"https:\/\/mcyr.dectim.ca\/tp2\/viscera\/wp-json\/wp\/v2\/comments?post=17"}],"version-history":[{"count":55,"href":"https:\/\/mcyr.dectim.ca\/tp2\/viscera\/wp-json\/wp\/v2\/pages\/17\/revisions"}],"predecessor-version":[{"id":1753,"href":"https:\/\/mcyr.dectim.ca\/tp2\/viscera\/wp-json\/wp\/v2\/pages\/17\/revisions\/1753"}],"wp:attachment":[{"href":"https:\/\/mcyr.dectim.ca\/tp2\/viscera\/wp-json\/wp\/v2\/media?parent=17"}],"curies":[{"name":"wp","href":"https:\/\/api.w.org\/{rel}","templated":true}]}}