{"id":101,"date":"2026-02-17T15:12:41","date_gmt":"2026-02-17T20:12:41","guid":{"rendered":"https:\/\/mcyr.dectim.ca\/tp2\/viscera\/?page_id=101"},"modified":"2026-04-28T15:50:58","modified_gmt":"2026-04-28T19:50:58","slug":"projet-1","status":"publish","type":"page","link":"https:\/\/mcyr.dectim.ca\/tp2\/viscera\/projet-1\/","title":{"rendered":"Lambou"},"content":{"rendered":"\n<div class=\"wp-block-cover alignfull relative-banner has-ast-global-color-2-color has-text-color has-link-color wp-elements-b164e283dd9de666aba01d704f381057\" style=\"padding-top:300px;padding-bottom:300px\"><img loading=\"lazy\" decoding=\"async\" width=\"1920\" height=\"960\" class=\"wp-block-cover__image-background wp-image-1097 size-full\" alt=\"\" src=\"https:\/\/mcyr.dectim.ca\/tp2\/viscera\/wp-content\/uploads\/2026\/03\/Couverture-1.jpg\" data-object-fit=\"cover\" srcset=\"https:\/\/mcyr.dectim.ca\/tp2\/viscera\/wp-content\/uploads\/2026\/03\/Couverture-1.jpg 1920w, https:\/\/mcyr.dectim.ca\/tp2\/viscera\/wp-content\/uploads\/2026\/03\/Couverture-1-300x150.jpg 300w, https:\/\/mcyr.dectim.ca\/tp2\/viscera\/wp-content\/uploads\/2026\/03\/Couverture-1-1024x512.jpg 1024w, https:\/\/mcyr.dectim.ca\/tp2\/viscera\/wp-content\/uploads\/2026\/03\/Couverture-1-768x384.jpg 768w, https:\/\/mcyr.dectim.ca\/tp2\/viscera\/wp-content\/uploads\/2026\/03\/Couverture-1-1536x768.jpg 1536w, https:\/\/mcyr.dectim.ca\/tp2\/viscera\/wp-content\/uploads\/2026\/03\/Couverture-1-500x250.jpg 500w, https:\/\/mcyr.dectim.ca\/tp2\/viscera\/wp-content\/uploads\/2026\/03\/Couverture-1-800x400.jpg 800w, https:\/\/mcyr.dectim.ca\/tp2\/viscera\/wp-content\/uploads\/2026\/03\/Couverture-1-1280x640.jpg 1280w\" sizes=\"auto, (max-width: 1920px) 100vw, 1920px\" \/><span aria-hidden=\"true\" class=\"wp-block-cover__background has-black-background-color has-background-dim\"><\/span><div class=\"wp-block-cover__inner-container is-layout-constrained wp-container-core-cover-is-layout-516676d0 wp-block-cover-is-layout-constrained\">\n<div class=\"wp-block-group is-layout-constrained wp-block-group-is-layout-constrained\">\n<div class=\"wp-block-group is-layout-constrained wp-container-core-group-is-layout-144c5046 wp-block-group-is-layout-constrained\" style=\"margin-bottom:17px\">\n<h1 class=\"wp-block-heading has-text-align-center\"><strong>Lambou<\/strong><\/h1>\n\n\n\n<h3 class=\"wp-block-heading has-text-align-center\">Magalie Cyr<\/h3>\n<\/div>\n\n\n\n<div class=\"wp-block-group absolute-image is-content-justification-center is-nowrap is-layout-flex wp-container-core-group-is-layout-23441af8 wp-block-group-is-layout-flex\">      \n\t\t\t<div class=\"uagb-icon-wrapper uagb-block-dca35002      \"\n\t\t\tstyle=\"\" >\n\t\t\t\t\t\t\t\t\t<span class=\"uagb-svg-wrapper\" \n\t\t\t\t\t aria-label=\"figma\"\t\t\t\t\ttabindex=\"0\">\t\t\n\t\t\t\t\t\t\t\t\t\t<svg xmlns=\"https:\/\/www.w3.org\/2000\/svg\" viewBox= \"0 0 384 512\" role=\"graphics-symbol\" aria-hidden=\"false\" aria-label=\"\"><path d=\"M14 95.79C14 42.89 56.89 0 109.8 0H274.2C327.1 0 369.1 42.89 369.1 95.79C369.1 129.3 352.8 158.8 326.7 175.9C352.8 193 369.1 222.5 369.1 256C369.1 308.9 327.1 351.8 274.2 351.8H272.1C247.3 351.8 224.7 342.4 207.7 326.9V415.2C207.7 468.8 163.7 512 110.3 512C57.54 512 14 469.2 14 416.2C14 382.7 31.19 353.2 57.24 336.1C31.19 318.1 14 289.5 14 256C14 222.5 31.2 193 57.24 175.9C31.2 158.8 14 129.3 14 95.79zM176.3 191.6H109.8C74.22 191.6 45.38 220.4 45.38 256C45.38 291.4 73.99 320.2 109.4 320.4C109.5 320.4 109.7 320.4 109.8 320.4H176.3V191.6zM207.7 256C207.7 291.6 236.5 320.4 272.1 320.4H274.2C309.7 320.4 338.6 291.6 338.6 256C338.6 220.4 309.7 191.6 274.2 191.6H272.1C236.5 191.6 207.7 220.4 207.7 256zM109.8 351.8C109.7 351.8 109.5 351.8 109.4 351.8C73.99 352 45.38 380.8 45.38 416.2C45.38 451.7 74.6 480.6 110.3 480.6C146.6 480.6 176.3 451.2 176.3 415.2V351.8H109.8zM109.8 31.38C74.22 31.38 45.38 60.22 45.38 95.79C45.38 131.4 74.22 160.2 109.8 160.2H176.3V31.38H109.8zM207.7 160.2H274.2C309.7 160.2 338.6 131.4 338.6 95.79C338.6 60.22 309.7 31.38 274.2 31.38H207.7V160.2z\"><\/path><\/svg>\n\t\t\t\t\t\t\t\t\t<\/span>\n\t\t\t\t\t\t\t<\/div>\n\t\t\t<\/div>\n<\/div>\n<\/div><\/div>\n\n\n\n<div class=\"wp-block-group alignfull has-black-background-color has-background is-layout-constrained wp-block-group-is-layout-constrained\">\n<div class=\"wp-block-group is-layout-constrained wp-block-group-is-layout-constrained\" data-aos=\"fade-up\" data-aos-duration=\"1000\" data-aos-easing=\"ease-in-out\" data-aos-once=\"true\" data-aos-offset=\"200\">\n<div class=\"wp-block-group is-vertical is-content-justification-center is-layout-flex wp-container-core-group-is-layout-ce155fab wp-block-group-is-layout-flex\">\n<h2 class=\"wp-block-heading has-text-align-center\">Contexte<\/h2>\n\n\n\n<div class=\"wp-block-group is-nowrap is-layout-flex wp-container-core-group-is-layout-6c531013 wp-block-group-is-layout-flex\">\n<p class=\"has-text-align-center has-ast-global-color-1-background-color has-background\" style=\"margin-right:var(--wp--preset--spacing--60);margin-left:var(--wp--preset--spacing--60);padding-top:5px;padding-bottom:5px\">Site Web<\/p>\n\n\n\n<p class=\"has-text-align-center has-ast-global-color-1-background-color has-background\" style=\"margin-top:0px;margin-right:var(--wp--preset--spacing--60);margin-bottom:0px;margin-left:var(--wp--preset--spacing--60);padding-top:5px;padding-bottom:5px\">Design Int\u00e9ractif<\/p>\n\n\n\n<p class=\"has-text-align-center has-ast-global-color-1-background-color has-background wp-container-content-69bc4bdf\" style=\"margin-right:var(--wp--preset--spacing--60);margin-left:var(--wp--preset--spacing--60);padding-top:5px;padding-bottom:5px\">Scolaire<\/p>\n<\/div>\n<\/div>\n\n\n\n<div class=\"wp-block-uagb-separator uagb-block-d85fcca5 wp-block-uagb-separator--icon\"><div class=\"uagb-separator-spacing-wrapper\"><div class=\"wp-block-uagb-separator__inner\" style=\"--my-background-image:\"><div class=\"wp-block-uagb-separator-element\"><svg xmlns=\"https:\/\/www.w3.org\/2000\/svg\" viewBox=\"0 0 640 512\"><path d=\"M448 64H192C85.96 64 0 149.1 0 256s85.96 192 192 192h256c106 0 192-85.96 192-192S554 64 448 64zM247.1 280h-32v32c0 13.2-10.78 24-23.98 24c-13.2 0-24.02-10.8-24.02-24v-32L136 279.1C122.8 279.1 111.1 269.2 111.1 256c0-13.2 10.85-24.01 24.05-24.01L167.1 232v-32c0-13.2 10.82-24 24.02-24c13.2 0 23.98 10.8 23.98 24v32h32c13.2 0 24.02 10.8 24.02 24C271.1 269.2 261.2 280 247.1 280zM431.1 344c-22.12 0-39.1-17.87-39.1-39.1s17.87-40 39.1-40s39.1 17.88 39.1 40S454.1 344 431.1 344zM495.1 248c-22.12 0-39.1-17.87-39.1-39.1s17.87-40 39.1-40c22.12 0 39.1 17.88 39.1 40S518.1 248 495.1 248z\"><\/path><\/svg><\/div><\/div><\/div><\/div>\n<\/div>\n<\/div>\n\n\n\n<div class=\"wp-block-group alignfull has-black-background-color has-background is-layout-constrained wp-block-group-is-layout-constrained\">\n<div class=\"wp-block-group is-layout-constrained wp-block-group-is-layout-constrained\" data-aos=\"fade-up\" data-aos-duration=\"1000\" data-aos-easing=\"ease-in-out\" data-aos-once=\"true\" data-aos-offset=\"200\">\n<h2 class=\"wp-block-heading has-text-align-center\" style=\"margin-top:var(--wp--preset--spacing--60)\"><strong>Proccessus de cr\u00e9ation<\/strong><\/h2>\n\n\n\n<div class=\"wp-block-columns is-layout-flex wp-container-core-columns-is-layout-28f84493 wp-block-columns-is-layout-flex\">\n<div class=\"wp-block-column is-vertically-aligned-center is-layout-flow wp-block-column-is-layout-flow\">\n<h3 class=\"wp-block-heading has-text-align-right\">R\u00e9flexion<\/h3>\n\n\n\n<p class=\"has-text-align-right\">J&rsquo;ai pris conscience des consignes et r\u00e9fl\u00e9chi <br>sur ce que je voulais faire, notamment en trouvant des comparables.<\/p>\n<\/div>\n\n\n\n<div class=\"wp-block-column is-layout-flow wp-block-column-is-layout-flow\">\n<figure class=\"wp-block-image size-large\"><img loading=\"lazy\" decoding=\"async\" width=\"1024\" height=\"593\" src=\"https:\/\/mcyr.dectim.ca\/tp2\/viscera\/wp-content\/uploads\/2026\/03\/Comparable-1024x593.png\" alt=\"\" class=\"wp-image-1118\" srcset=\"https:\/\/mcyr.dectim.ca\/tp2\/viscera\/wp-content\/uploads\/2026\/03\/Comparable-1024x593.png 1024w, https:\/\/mcyr.dectim.ca\/tp2\/viscera\/wp-content\/uploads\/2026\/03\/Comparable-300x174.png 300w, https:\/\/mcyr.dectim.ca\/tp2\/viscera\/wp-content\/uploads\/2026\/03\/Comparable-768x445.png 768w, https:\/\/mcyr.dectim.ca\/tp2\/viscera\/wp-content\/uploads\/2026\/03\/Comparable-1536x889.png 1536w, https:\/\/mcyr.dectim.ca\/tp2\/viscera\/wp-content\/uploads\/2026\/03\/Comparable-2048x1186.png 2048w, https:\/\/mcyr.dectim.ca\/tp2\/viscera\/wp-content\/uploads\/2026\/03\/Comparable-500x289.png 500w, https:\/\/mcyr.dectim.ca\/tp2\/viscera\/wp-content\/uploads\/2026\/03\/Comparable-800x463.png 800w, https:\/\/mcyr.dectim.ca\/tp2\/viscera\/wp-content\/uploads\/2026\/03\/Comparable-1280x741.png 1280w, https:\/\/mcyr.dectim.ca\/tp2\/viscera\/wp-content\/uploads\/2026\/03\/Comparable-1920x1112.png 1920w\" sizes=\"auto, (max-width: 1024px) 100vw, 1024px\" \/><\/figure>\n<\/div>\n<\/div>\n<\/div>\n<\/div>\n\n\n\n<div class=\"wp-block-group alignfull has-black-background-color has-background is-layout-constrained wp-block-group-is-layout-constrained\">\n<div class=\"wp-block-group is-layout-constrained wp-block-group-is-layout-constrained\" data-aos=\"fade-up\" data-aos-duration=\"1000\" data-aos-easing=\"ease-in-out\" data-aos-once=\"true\" data-aos-offset=\"200\">\n<div class=\"wp-block-columns is-layout-flex wp-container-core-columns-is-layout-28f84493 wp-block-columns-is-layout-flex\">\n<div class=\"wp-block-column is-layout-flow wp-block-column-is-layout-flow\">\n<figure class=\"wp-block-image size-large\"><img loading=\"lazy\" decoding=\"async\" width=\"1024\" height=\"762\" src=\"https:\/\/mcyr.dectim.ca\/tp2\/viscera\/wp-content\/uploads\/2026\/03\/Moodboard-1-scaled-1-1024x762.png\" alt=\"\" class=\"wp-image-1117\" srcset=\"https:\/\/mcyr.dectim.ca\/tp2\/viscera\/wp-content\/uploads\/2026\/03\/Moodboard-1-scaled-1-1024x762.png 1024w, https:\/\/mcyr.dectim.ca\/tp2\/viscera\/wp-content\/uploads\/2026\/03\/Moodboard-1-scaled-1-300x223.png 300w, https:\/\/mcyr.dectim.ca\/tp2\/viscera\/wp-content\/uploads\/2026\/03\/Moodboard-1-scaled-1-768x571.png 768w, https:\/\/mcyr.dectim.ca\/tp2\/viscera\/wp-content\/uploads\/2026\/03\/Moodboard-1-scaled-1-1536x1142.png 1536w, https:\/\/mcyr.dectim.ca\/tp2\/viscera\/wp-content\/uploads\/2026\/03\/Moodboard-1-scaled-1-2048x1523.png 2048w, https:\/\/mcyr.dectim.ca\/tp2\/viscera\/wp-content\/uploads\/2026\/03\/Moodboard-1-scaled-1-500x372.png 500w, https:\/\/mcyr.dectim.ca\/tp2\/viscera\/wp-content\/uploads\/2026\/03\/Moodboard-1-scaled-1-800x595.png 800w, https:\/\/mcyr.dectim.ca\/tp2\/viscera\/wp-content\/uploads\/2026\/03\/Moodboard-1-scaled-1-1280x952.png 1280w, https:\/\/mcyr.dectim.ca\/tp2\/viscera\/wp-content\/uploads\/2026\/03\/Moodboard-1-scaled-1-1920x1428.png 1920w\" sizes=\"auto, (max-width: 1024px) 100vw, 1024px\" \/><\/figure>\n<\/div>\n\n\n\n<div class=\"wp-block-column is-vertically-aligned-center is-layout-flow wp-block-column-is-layout-flow\">\n<h3 class=\"wp-block-heading\">Moodboard<\/h3>\n\n\n\n<p>J&rsquo;ai recherch\u00e9 des images, textures, couleurs, etc. J&rsquo;ai ensuite construit mon moodboard.<\/p>\n<\/div>\n<\/div>\n<\/div>\n<\/div>\n\n\n\n<div class=\"wp-block-group alignfull has-black-background-color has-background is-layout-constrained wp-block-group-is-layout-constrained\">\n<div class=\"wp-block-group is-layout-constrained wp-block-group-is-layout-constrained\" data-aos=\"fade-up\" data-aos-duration=\"1000\" data-aos-easing=\"ease-in-out\" data-aos-once=\"true\" data-aos-offset=\"200\">\n<div class=\"wp-block-columns is-layout-flex wp-container-core-columns-is-layout-28f84493 wp-block-columns-is-layout-flex\">\n<div class=\"wp-block-column is-vertically-aligned-center is-layout-flow wp-block-column-is-layout-flow\">\n<h3 class=\"wp-block-heading has-text-align-right\">Wireframe<\/h3>\n\n\n\n<p class=\"has-text-align-right\">J&rsquo;ai fait la base du site web et je me suis assur\u00e9 que tout les \u00e9l\u00e9ments demand\u00e9s sont pr\u00e9sents.<\/p>\n<\/div>\n\n\n\n<div class=\"wp-block-column is-layout-flow wp-block-column-is-layout-flow\">\n<figure class=\"wp-block-image size-large\"><img loading=\"lazy\" decoding=\"async\" width=\"1024\" height=\"1024\" src=\"https:\/\/mcyr.dectim.ca\/tp2\/viscera\/wp-content\/uploads\/2026\/03\/Wireframe-PageProduit-edited-1-1024x1024.png\" alt=\"\" class=\"wp-image-1116\" srcset=\"https:\/\/mcyr.dectim.ca\/tp2\/viscera\/wp-content\/uploads\/2026\/03\/Wireframe-PageProduit-edited-1-1024x1024.png 1024w, https:\/\/mcyr.dectim.ca\/tp2\/viscera\/wp-content\/uploads\/2026\/03\/Wireframe-PageProduit-edited-1-300x300.png 300w, https:\/\/mcyr.dectim.ca\/tp2\/viscera\/wp-content\/uploads\/2026\/03\/Wireframe-PageProduit-edited-1-150x150.png 150w, https:\/\/mcyr.dectim.ca\/tp2\/viscera\/wp-content\/uploads\/2026\/03\/Wireframe-PageProduit-edited-1-768x769.png 768w, https:\/\/mcyr.dectim.ca\/tp2\/viscera\/wp-content\/uploads\/2026\/03\/Wireframe-PageProduit-edited-1-500x500.png 500w, https:\/\/mcyr.dectim.ca\/tp2\/viscera\/wp-content\/uploads\/2026\/03\/Wireframe-PageProduit-edited-1-800x801.png 800w, https:\/\/mcyr.dectim.ca\/tp2\/viscera\/wp-content\/uploads\/2026\/03\/Wireframe-PageProduit-edited-1-1280x1281.png 1280w, https:\/\/mcyr.dectim.ca\/tp2\/viscera\/wp-content\/uploads\/2026\/03\/Wireframe-PageProduit-edited-1.png 1440w\" sizes=\"auto, (max-width: 1024px) 100vw, 1024px\" \/><\/figure>\n<\/div>\n<\/div>\n<\/div>\n<\/div>\n\n\n\n<div class=\"wp-block-group alignfull has-black-background-color has-background is-layout-constrained wp-block-group-is-layout-constrained\">\n<div class=\"wp-block-group is-layout-constrained wp-block-group-is-layout-constrained\" data-aos=\"fade-up\" data-aos-duration=\"1000\" data-aos-easing=\"ease-in-out\" data-aos-once=\"true\" data-aos-offset=\"200\">\n<div class=\"wp-block-columns is-layout-flex wp-container-core-columns-is-layout-28f84493 wp-block-columns-is-layout-flex\">\n<div class=\"wp-block-column is-layout-flow wp-block-column-is-layout-flow\">\n<figure class=\"wp-block-image size-full\"><img loading=\"lazy\" decoding=\"async\" width=\"862\" height=\"747\" src=\"https:\/\/mcyr.dectim.ca\/tp2\/viscera\/wp-content\/uploads\/2026\/03\/Lambou.png\" alt=\"\" class=\"wp-image-1115\" srcset=\"https:\/\/mcyr.dectim.ca\/tp2\/viscera\/wp-content\/uploads\/2026\/03\/Lambou.png 862w, https:\/\/mcyr.dectim.ca\/tp2\/viscera\/wp-content\/uploads\/2026\/03\/Lambou-300x260.png 300w, https:\/\/mcyr.dectim.ca\/tp2\/viscera\/wp-content\/uploads\/2026\/03\/Lambou-768x666.png 768w, https:\/\/mcyr.dectim.ca\/tp2\/viscera\/wp-content\/uploads\/2026\/03\/Lambou-500x433.png 500w, https:\/\/mcyr.dectim.ca\/tp2\/viscera\/wp-content\/uploads\/2026\/03\/Lambou-800x693.png 800w\" sizes=\"auto, (max-width: 862px) 100vw, 862px\" \/><\/figure>\n<\/div>\n\n\n\n<div class=\"wp-block-column is-vertically-aligned-center is-layout-flow wp-block-column-is-layout-flow\">\n<h3 class=\"wp-block-heading\">Design<\/h3>\n\n\n\n<p>C&rsquo;\u00e9tait maintenant le temps du design! J&rsquo;ai pris plusieurs heures \u00e0 construire le style de mon site en harmonie avec mon produit.<\/p>\n<\/div>\n<\/div>\n<\/div>\n<\/div>\n\n\n\n<div class=\"wp-block-group alignfull has-black-background-color has-background is-layout-constrained wp-block-group-is-layout-constrained\">\n<div class=\"wp-block-group is-layout-constrained wp-block-group-is-layout-constrained\" data-aos=\"fade-up\" data-aos-duration=\"1000\" data-aos-easing=\"ease-in-out\" data-aos-once=\"true\" data-aos-offset=\"200\">\n<div class=\"wp-block-columns is-layout-flex wp-container-core-columns-is-layout-28f84493 wp-block-columns-is-layout-flex\">\n<div class=\"wp-block-column is-vertically-aligned-center is-layout-flow wp-block-column-is-layout-flow\">\n<h3 class=\"wp-block-heading has-text-align-right\">Prototype<\/h3>\n\n\n\n<p class=\"has-text-align-right\">Finalement, j&rsquo;ai fait le prototype de mon site <br>Lambou en entier sur Figma.<\/p>\n<\/div>\n\n\n\n<div class=\"wp-block-column is-layout-flow wp-block-column-is-layout-flow\"><p><iframe loading=\"lazy\" style=\"border: 1px solid rgba(0, 0, 0, 0.1);\" width=\"800\" height=\"450\" src=\"https:\/\/embed.figma.com\/proto\/TP0GTCIo2lanzS58nyfhX1\/1012_cyr_magalie_TP2?page-id=1172%3A8&#038;node-id=8061-22242&#038;viewport=26%2C468%2C0.04&#038;scaling=scale-down&#038;content-scaling=fixed&#038;starting-point-node-id=8061%3A22242&#038;embed-host=share\" allowfullscreen><\/iframe><\/p>\n<\/div>\n<\/div>\n<\/div>\n\n\n\n<div class=\"wp-block-uagb-separator uagb-block-bdb548c2 wp-block-uagb-separator--icon\"><div class=\"uagb-separator-spacing-wrapper\"><div class=\"wp-block-uagb-separator__inner\" style=\"--my-background-image:\"><div class=\"wp-block-uagb-separator-element\"><svg xmlns=\"https:\/\/www.w3.org\/2000\/svg\" viewBox=\"0 0 640 512\"><path d=\"M448 64H192C85.96 64 0 149.1 0 256s85.96 192 192 192h256c106 0 192-85.96 192-192S554 64 448 64zM247.1 280h-32v32c0 13.2-10.78 24-23.98 24c-13.2 0-24.02-10.8-24.02-24v-32L136 279.1C122.8 279.1 111.1 269.2 111.1 256c0-13.2 10.85-24.01 24.05-24.01L167.1 232v-32c0-13.2 10.82-24 24.02-24c13.2 0 23.98 10.8 23.98 24v32h32c13.2 0 24.02 10.8 24.02 24C271.1 269.2 261.2 280 247.1 280zM431.1 344c-22.12 0-39.1-17.87-39.1-39.1s17.87-40 39.1-40s39.1 17.88 39.1 40S454.1 344 431.1 344zM495.1 248c-22.12 0-39.1-17.87-39.1-39.1s17.87-40 39.1-40c22.12 0 39.1 17.88 39.1 40S518.1 248 495.1 248z\"><\/path><\/svg><\/div><\/div><\/div><\/div>\n<\/div>\n","protected":false},"excerpt":{"rendered":"<p>Contexte Site Web Design Int\u00e9ractif Scolaire Proccessus de cr\u00e9ation R\u00e9flexion J&rsquo;ai pris conscience des consignes et r\u00e9fl\u00e9chi sur ce que [&hellip;]<\/p>\n","protected":false},"author":2,"featured_media":0,"parent":0,"menu_order":0,"comment_status":"closed","ping_status":"closed","template":"","meta":{"_uag_custom_page_level_css":"","site-sidebar-layout":"default","site-content-layout":"","ast-site-content-layout":"default","site-content-style":"default","site-sidebar-style":"default","ast-global-header-display":"","ast-banner-title-visibility":"","ast-main-header-display":"","ast-hfb-above-header-display":"","ast-hfb-below-header-display":"","ast-hfb-mobile-header-display":"","site-post-title":"disabled","ast-breadcrumbs-content":"","ast-featured-img":"","footer-sml-layout":"","ast-disable-related-posts":"","theme-transparent-header-meta":"","adv-header-id-meta":"","stick-header-meta":"","header-above-stick-meta":"","header-main-stick-meta":"","header-below-stick-meta":"","astra-migrate-meta-layouts":"default","ast-page-background-enabled":"default","ast-page-background-meta":{"desktop":{"background-color":"var(--ast-global-color-5)","background-image":"","background-repeat":"repeat","background-position":"center center","background-size":"auto","background-attachment":"scroll","background-type":"","background-media":"","overlay-type":"","overlay-color":"","overlay-opacity":"","overlay-gradient":""},"tablet":{"background-color":"","background-image":"","background-repeat":"repeat","background-position":"center center","background-size":"auto","background-attachment":"scroll","background-type":"","background-media":"","overlay-type":"","overlay-color":"","overlay-opacity":"","overlay-gradient":""},"mobile":{"background-color":"","background-image":"","background-repeat":"repeat","background-position":"center center","background-size":"auto","background-attachment":"scroll","background-type":"","background-media":"","overlay-type":"","overlay-color":"","overlay-opacity":"","overlay-gradient":""}},"ast-content-background-meta":{"desktop":{"background-color":"var(--ast-global-color-4)","background-image":"","background-repeat":"repeat","background-position":"center center","background-size":"auto","background-attachment":"scroll","background-type":"","background-media":"","overlay-type":"","overlay-color":"","overlay-opacity":"","overlay-gradient":""},"tablet":{"background-color":"var(--ast-global-color-4)","background-image":"","background-repeat":"repeat","background-position":"center center","background-size":"auto","background-attachment":"scroll","background-type":"","background-media":"","overlay-type":"","overlay-color":"","overlay-opacity":"","overlay-gradient":""},"mobile":{"background-color":"var(--ast-global-color-4)","background-image":"","background-repeat":"repeat","background-position":"center center","background-size":"auto","background-attachment":"scroll","background-type":"","background-media":"","overlay-type":"","overlay-color":"","overlay-opacity":"","overlay-gradient":""}},"footnotes":""},"class_list":["post-101","page","type-page","status-publish","hentry"],"uagb_featured_image_src":{"full":false,"thumbnail":false,"medium":false,"medium_large":false,"large":false,"1536x1536":false,"2048x2048":false,"widget-thumbnail":false,"gform-image-choice-sm":false,"gform-image-choice-md":false,"gform-image-choice-lg":false,"awb_sm":false,"awb_md":false,"awb_lg":false,"awb_xl":false},"uagb_author_info":{"display_name":"Simon Savard-Blondel","author_link":"https:\/\/mcyr.dectim.ca\/tp2\/viscera\/author\/simon\/"},"uagb_comment_info":0,"uagb_excerpt":"Contexte Site Web Design Int\u00e9ractif Scolaire Proccessus de cr\u00e9ation R\u00e9flexion J&rsquo;ai pris conscience des consignes et r\u00e9fl\u00e9chi sur ce que [&hellip;]","_links":{"self":[{"href":"https:\/\/mcyr.dectim.ca\/tp2\/viscera\/wp-json\/wp\/v2\/pages\/101","targetHints":{"allow":["GET"]}}],"collection":[{"href":"https:\/\/mcyr.dectim.ca\/tp2\/viscera\/wp-json\/wp\/v2\/pages"}],"about":[{"href":"https:\/\/mcyr.dectim.ca\/tp2\/viscera\/wp-json\/wp\/v2\/types\/page"}],"author":[{"embeddable":true,"href":"https:\/\/mcyr.dectim.ca\/tp2\/viscera\/wp-json\/wp\/v2\/users\/2"}],"replies":[{"embeddable":true,"href":"https:\/\/mcyr.dectim.ca\/tp2\/viscera\/wp-json\/wp\/v2\/comments?post=101"}],"version-history":[{"count":38,"href":"https:\/\/mcyr.dectim.ca\/tp2\/viscera\/wp-json\/wp\/v2\/pages\/101\/revisions"}],"predecessor-version":[{"id":1787,"href":"https:\/\/mcyr.dectim.ca\/tp2\/viscera\/wp-json\/wp\/v2\/pages\/101\/revisions\/1787"}],"wp:attachment":[{"href":"https:\/\/mcyr.dectim.ca\/tp2\/viscera\/wp-json\/wp\/v2\/media?parent=101"}],"curies":[{"name":"wp","href":"https:\/\/api.w.org\/{rel}","templated":true}]}}