{"id":10,"date":"2026-02-04T19:38:27","date_gmt":"2026-02-05T00:38:27","guid":{"rendered":"https:\/\/mcyr.dectim.ca\/tp2\/viscera\/?page_id=10"},"modified":"2026-04-28T14:50:08","modified_gmt":"2026-04-28T18:50:08","slug":"accueil","status":"publish","type":"page","link":"https:\/\/mcyr.dectim.ca\/tp2\/viscera\/","title":{"rendered":"Accueil"},"content":{"rendered":"\n<div class=\"wp-block-group alignfull has-black-background-color has-background is-layout-constrained wp-container-core-group-is-layout-dd20c9cb wp-block-group-is-layout-constrained\" style=\"min-height:0px;padding-top:0px;padding-right:0;padding-bottom:50px;padding-left:0\">\n<div class=\"wp-block-group alignfull has-ast-global-color-7-background-color has-background is-layout-constrained wp-block-group-is-layout-constrained\" data-aos=\"fade\">\n<div class=\"wp-block-nk-awb nk-awb alignfull has-var-ast-global-color-7-background-color has-background\" style=\"margin-top:0;margin-bottom:0;padding-top:300px;padding-bottom:300px\"><div class=\"nk-awb-wrap\" style=\"background:var(--ast-global-color-7)\" data-awb-type=\"yt_vm_video\" data-awb-video=\"https:\/\/youtu.be\/2oOVXhx6dHk?si=FmfRblmImyZp-KVp\" data-awb-video-mobile=\"false\"><div class=\"nk-awb-overlay\" style=\"background: linear-gradient(0deg,rgb(0,0,0) 0%,rgba(255,255,255,0) 49%,rgb(0,0,0) 100%);\"><\/div><div class=\"nk-awb-inner\" style=\"opacity: 0.6;\"><\/div><\/div><div class=\"nk-awb-wrap-content is-layout-constrained wp-block-nk-awb-is-layout-constrained\">\n<h1 class=\"wp-block-heading alignfull has-text-align-center\">La o\u00f9 le jeu prend vie<\/h1>\n<\/div><\/div>\n<\/div>\n\n\n\n<div class=\"wp-block-group alignfull absolute-div has-black-background-color has-background is-layout-constrained wp-block-group-is-layout-constrained\" style=\"border-style:none;border-width:0px;border-top-left-radius:0px;border-top-right-radius:0px;border-bottom-left-radius:0px;border-bottom-right-radius:0px;margin-top:150px;margin-bottom:0;padding-top:0;padding-bottom:0\" data-aos=\"fade-up\" data-aos-duration=\"1000\" data-aos-easing=\"ease-in-out\" data-aos-once=\"true\" data-aos-offset=\"200\">\n<h2 class=\"wp-block-heading alignwide has-text-align-center\" style=\"margin-bottom:100px;margin-left:0px\">Viscera, Partenaire de Choix<\/h2>\n\n\n\n<div class=\"wp-block-media-text alignfull has-media-on-the-right is-stacked-on-mobile img-transparent left\" style=\"padding-bottom:100px;padding-left:240px;grid-template-columns:auto 60%\"><div class=\"wp-block-media-text__content\">\n<p class=\"has-text-align-center\" style=\"font-size:24px\">Gr\u00e2ce \u00e0 nous, vous pourrez <mark style=\"background-color:rgba(0, 0, 0, 0)\" class=\"has-inline-color has-ast-global-color-1-color\"><strong>favoriser<\/strong> <\/mark>la <mark style=\"background-color:rgba(0, 0, 0, 0)\" class=\"has-inline-color has-ast-global-color-1-color\"><strong>qualit\u00e9<\/strong> <\/mark>et la <mark style=\"background-color:rgba(0, 0, 0, 0)\" class=\"has-inline-color has-ast-global-color-1-color\"><strong>productivit\u00e9<\/strong> <\/mark>pour un jeu final <mark style=\"background-color:rgba(0, 0, 0, 0)\" class=\"has-inline-color has-ast-global-color-1-color\"><strong>impeccable<\/strong> <\/mark>et pr\u00eat \u00e0 accueillir des millions de joueurs.<\/p>\n<\/div><figure class=\"wp-block-media-text__media\"><img loading=\"lazy\" decoding=\"async\" width=\"1024\" height=\"683\" src=\"https:\/\/mcyr.dectim.ca\/tp2\/viscera\/wp-content\/uploads\/2026\/02\/jose-gil-2pNdTBn4C7U-unsplash-1024x683.jpg\" alt=\"\" class=\"wp-image-353 size-full\" srcset=\"https:\/\/mcyr.dectim.ca\/tp2\/viscera\/wp-content\/uploads\/2026\/02\/jose-gil-2pNdTBn4C7U-unsplash-1024x683.jpg 1024w, https:\/\/mcyr.dectim.ca\/tp2\/viscera\/wp-content\/uploads\/2026\/02\/jose-gil-2pNdTBn4C7U-unsplash-300x200.jpg 300w, https:\/\/mcyr.dectim.ca\/tp2\/viscera\/wp-content\/uploads\/2026\/02\/jose-gil-2pNdTBn4C7U-unsplash-768x512.jpg 768w, https:\/\/mcyr.dectim.ca\/tp2\/viscera\/wp-content\/uploads\/2026\/02\/jose-gil-2pNdTBn4C7U-unsplash-1536x1024.jpg 1536w, https:\/\/mcyr.dectim.ca\/tp2\/viscera\/wp-content\/uploads\/2026\/02\/jose-gil-2pNdTBn4C7U-unsplash-2048x1365.jpg 2048w\" sizes=\"auto, (max-width: 1024px) 100vw, 1024px\" \/><\/figure><\/div>\n\n\n\n<div class=\"wp-block-media-text alignfull is-stacked-on-mobile img-transparent right\" style=\"padding-right:240px;padding-bottom:100px;grid-template-columns:60% auto\"><figure class=\"wp-block-media-text__media\"><img loading=\"lazy\" decoding=\"async\" width=\"1024\" height=\"768\" src=\"https:\/\/mcyr.dectim.ca\/tp2\/viscera\/wp-content\/uploads\/2026\/03\/pexels-a-darmel-7862507-edited-1024x768.jpg\" alt=\"\" class=\"wp-image-834 size-full\" srcset=\"https:\/\/mcyr.dectim.ca\/tp2\/viscera\/wp-content\/uploads\/2026\/03\/pexels-a-darmel-7862507-edited-1024x768.jpg 1024w, https:\/\/mcyr.dectim.ca\/tp2\/viscera\/wp-content\/uploads\/2026\/03\/pexels-a-darmel-7862507-edited-300x225.jpg 300w, https:\/\/mcyr.dectim.ca\/tp2\/viscera\/wp-content\/uploads\/2026\/03\/pexels-a-darmel-7862507-edited-768x576.jpg 768w, https:\/\/mcyr.dectim.ca\/tp2\/viscera\/wp-content\/uploads\/2026\/03\/pexels-a-darmel-7862507-edited-1536x1152.jpg 1536w, https:\/\/mcyr.dectim.ca\/tp2\/viscera\/wp-content\/uploads\/2026\/03\/pexels-a-darmel-7862507-edited-2048x1536.jpg 2048w, https:\/\/mcyr.dectim.ca\/tp2\/viscera\/wp-content\/uploads\/2026\/03\/pexels-a-darmel-7862507-edited-500x375.jpg 500w, https:\/\/mcyr.dectim.ca\/tp2\/viscera\/wp-content\/uploads\/2026\/03\/pexels-a-darmel-7862507-edited-800x600.jpg 800w, https:\/\/mcyr.dectim.ca\/tp2\/viscera\/wp-content\/uploads\/2026\/03\/pexels-a-darmel-7862507-edited-1280x960.jpg 1280w, https:\/\/mcyr.dectim.ca\/tp2\/viscera\/wp-content\/uploads\/2026\/03\/pexels-a-darmel-7862507-edited-1920x1440.jpg 1920w\" sizes=\"auto, (max-width: 1024px) 100vw, 1024px\" \/><\/figure><div class=\"wp-block-media-text__content\">\n<p class=\"has-text-align-center\" style=\"font-size:24px\">Invisible au public, nous sommes le <mark style=\"background-color:rgba(0, 0, 0, 0)\" class=\"has-inline-color has-ast-global-color-1-color\"><strong>c\u0153ur<\/strong> <\/mark>de votre jeu tandis que vous serez le <strong><mark style=\"background-color:rgba(0, 0, 0, 0)\" class=\"has-inline-color has-ast-global-color-1-color\">visage<\/mark>.<\/strong><\/p>\n<\/div><\/div>\n\n\n\n<div class=\"wp-block-media-text alignfull has-media-on-the-right is-stacked-on-mobile img-transparent left\" style=\"padding-left:240px;grid-template-columns:auto 60%\"><div class=\"wp-block-media-text__content\">\n<p class=\"has-text-align-center\" style=\"font-size:24px\">Viscera s\u2019engage \u00e0 vous offrir le <strong><mark style=\"background-color:rgba(0, 0, 0, 0)\" class=\"has-inline-color has-ast-global-color-1-color\">meilleur service<\/mark><\/strong> possible, que ce soit en programmation, en mod\u00e9lisation 3D ou en promotion.<\/p>\n<\/div><figure class=\"wp-block-media-text__media\"><img loading=\"lazy\" decoding=\"async\" width=\"1024\" height=\"768\" src=\"https:\/\/mcyr.dectim.ca\/tp2\/viscera\/wp-content\/uploads\/2026\/03\/fausto-sandoval-cpLHjCUpL0o-unsplash-edited-1024x768.jpg\" alt=\"\" class=\"wp-image-668 size-full\" srcset=\"https:\/\/mcyr.dectim.ca\/tp2\/viscera\/wp-content\/uploads\/2026\/03\/fausto-sandoval-cpLHjCUpL0o-unsplash-edited-1024x768.jpg 1024w, https:\/\/mcyr.dectim.ca\/tp2\/viscera\/wp-content\/uploads\/2026\/03\/fausto-sandoval-cpLHjCUpL0o-unsplash-edited-300x225.jpg 300w, https:\/\/mcyr.dectim.ca\/tp2\/viscera\/wp-content\/uploads\/2026\/03\/fausto-sandoval-cpLHjCUpL0o-unsplash-edited-768x576.jpg 768w, https:\/\/mcyr.dectim.ca\/tp2\/viscera\/wp-content\/uploads\/2026\/03\/fausto-sandoval-cpLHjCUpL0o-unsplash-edited-1536x1152.jpg 1536w, https:\/\/mcyr.dectim.ca\/tp2\/viscera\/wp-content\/uploads\/2026\/03\/fausto-sandoval-cpLHjCUpL0o-unsplash-edited-2048x1537.jpg 2048w\" sizes=\"auto, (max-width: 1024px) 100vw, 1024px\" \/><\/figure><\/div>\n<\/div>\n\n\n\n<div class=\"wp-block-group is-layout-constrained wp-block-group-is-layout-constrained\">\n<div class=\"wp-block-group is-layout-constrained wp-block-group-is-layout-constrained\">\n<div class=\"wp-block-uagb-separator uagb-block-bdb548c2 wp-block-uagb-separator--icon\"><div class=\"uagb-separator-spacing-wrapper\"><div class=\"wp-block-uagb-separator__inner\" style=\"--my-background-image:\"><div class=\"wp-block-uagb-separator-element\"><svg xmlns=\"https:\/\/www.w3.org\/2000\/svg\" viewBox=\"0 0 640 512\"><path d=\"M448 64H192C85.96 64 0 149.1 0 256s85.96 192 192 192h256c106 0 192-85.96 192-192S554 64 448 64zM247.1 280h-32v32c0 13.2-10.78 24-23.98 24c-13.2 0-24.02-10.8-24.02-24v-32L136 279.1C122.8 279.1 111.1 269.2 111.1 256c0-13.2 10.85-24.01 24.05-24.01L167.1 232v-32c0-13.2 10.82-24 24.02-24c13.2 0 23.98 10.8 23.98 24v32h32c13.2 0 24.02 10.8 24.02 24C271.1 269.2 261.2 280 247.1 280zM431.1 344c-22.12 0-39.1-17.87-39.1-39.1s17.87-40 39.1-40s39.1 17.88 39.1 40S454.1 344 431.1 344zM495.1 248c-22.12 0-39.1-17.87-39.1-39.1s17.87-40 39.1-40c22.12 0 39.1 17.88 39.1 40S518.1 248 495.1 248z\"><\/path><\/svg><\/div><\/div><\/div><\/div>\n<\/div>\n<\/div>\n\n\n\n<div class=\"wp-block-group absolute-div has-black-background-color has-background is-layout-constrained wp-block-group-is-layout-constrained\" style=\"border-top-left-radius:0px;border-top-right-radius:0px;border-bottom-left-radius:0px;border-bottom-right-radius:0px;margin-top:0px\" data-aos=\"fade-up\" data-aos-duration=\"1000\" data-aos-easing=\"ease-in-out\" data-aos-once=\"true\">\n<h2 class=\"wp-block-heading alignwide has-text-align-center\" style=\"margin-top:0;margin-right:0;margin-bottom:100px;margin-left:0;padding-top:0px;padding-right:0;padding-bottom:0px;padding-left:0;font-size:70px;font-style:normal;font-weight:700;text-transform:uppercase\">NOS OFFRES<\/h2>\n\n\n\n<div class=\"wp-block-uagb-slider uagb-block-3e6cccb5 uagb-slider-container\"><div class=\"uagb-slides uagb-swiper\"><div class=\"swiper-wrapper\">\n<div class=\"wp-block-uagb-slider-child uagb-slider-child-wrap swiper-slide uagb-block-049fcf53\"><div class=\"swiper-content\">\n<div class=\"wp-block-uagb-container uagb-block-aff9f75b default uagb-is-root-container\">\n<div class=\"wp-block-uagb-image uagb-block-2a52cbe7 wp-block-uagb-image--layout-overlay wp-block-uagb-image--effect-zoomin wp-block-uagb-image--align-none\"><figure class=\"wp-block-uagb-image__figure\"><img decoding=\"async\" srcset=\"https:\/\/mcyr.dectim.ca\/tp2\/viscera\/wp-content\/uploads\/2026\/02\/coding-1024x768.jpg ,https:\/\/mcyr.dectim.ca\/tp2\/viscera\/wp-content\/uploads\/2026\/02\/coding-scaled.jpg 780w, https:\/\/mcyr.dectim.ca\/tp2\/viscera\/wp-content\/uploads\/2026\/02\/coding-scaled.jpg 360w\" sizes=\"auto, (max-width: 480px) 150px\" src=\"https:\/\/mcyr.dectim.ca\/tp2\/viscera\/wp-content\/uploads\/2026\/02\/coding-1024x768.jpg\" alt=\"\" class=\"uag-image-304\" width=\"1920\" height=\"500\" title=\"\" loading=\"lazy\" role=\"presentation\"\/><div class=\"wp-block-uagb-image--layout-overlay__color-wrapper\"><\/div><div class=\"wp-block-uagb-image--layout-overlay__inner center-center\"><h3 class=\"uagb-image-heading\">Programmation de jeux<\/h3><figcaption class=\"uagb-image-caption\">Application, Console, Ordinateur<\/figcaption><\/div><\/figure><\/div>\n<\/div>\n<\/div><\/div>\n\n\n\n<div class=\"wp-block-uagb-slider-child uagb-slider-child-wrap swiper-slide uagb-block-dfc0b7a4\"><div class=\"swiper-content\">\n<div class=\"wp-block-uagb-container uagb-block-0ef402f3 default uagb-is-root-container\">\n<div class=\"wp-block-uagb-image uagb-block-6e1bc5b7 wp-block-uagb-image--layout-overlay wp-block-uagb-image--effect-zoomin wp-block-uagb-image--align-none\"><figure class=\"wp-block-uagb-image__figure\"><img decoding=\"async\" srcset=\"https:\/\/mcyr.dectim.ca\/tp2\/viscera\/wp-content\/uploads\/2026\/02\/3d-modeling-1024x563.png ,https:\/\/mcyr.dectim.ca\/tp2\/viscera\/wp-content\/uploads\/2026\/02\/3d-modeling.png 780w, https:\/\/mcyr.dectim.ca\/tp2\/viscera\/wp-content\/uploads\/2026\/02\/3d-modeling.png 360w\" sizes=\"auto, (max-width: 480px) 150px\" src=\"https:\/\/mcyr.dectim.ca\/tp2\/viscera\/wp-content\/uploads\/2026\/02\/3d-modeling-1024x563.png\" alt=\"\" class=\"uag-image-310\" width=\"1920\" height=\"500\" title=\"\" loading=\"lazy\" role=\"presentation\"\/><div class=\"wp-block-uagb-image--layout-overlay__color-wrapper\"><\/div><div class=\"wp-block-uagb-image--layout-overlay__inner center-center\"><h3 class=\"uagb-image-heading\">Mod\u00e9lisation 3d et Animation<\/h3><figcaption class=\"uagb-image-caption\">Personnage, Environnement, B\u00e2timent, Animation 2D et 3D<\/figcaption><\/div><\/figure><\/div>\n<\/div>\n<\/div><\/div>\n\n\n\n<div class=\"wp-block-uagb-slider-child uagb-slider-child-wrap swiper-slide uagb-block-aca9011d\"><div class=\"swiper-content\">\n<div class=\"wp-block-uagb-container uagb-block-7b80ef86 default uagb-is-root-container\">\n<div class=\"wp-block-uagb-image uagb-block-65797516 wp-block-uagb-image--layout-overlay wp-block-uagb-image--effect-zoomin wp-block-uagb-image--align-none\"><figure class=\"wp-block-uagb-image__figure\"><img decoding=\"async\" srcset=\"https:\/\/mcyr.dectim.ca\/tp2\/viscera\/wp-content\/uploads\/2026\/03\/pexels-messalaciulla-2831797-1024x678.jpg ,https:\/\/mcyr.dectim.ca\/tp2\/viscera\/wp-content\/uploads\/2026\/03\/pexels-messalaciulla-2831797-scaled.jpg 780w, https:\/\/mcyr.dectim.ca\/tp2\/viscera\/wp-content\/uploads\/2026\/03\/pexels-messalaciulla-2831797-scaled.jpg 360w\" sizes=\"auto, (max-width: 480px) 150px\" src=\"https:\/\/mcyr.dectim.ca\/tp2\/viscera\/wp-content\/uploads\/2026\/03\/pexels-messalaciulla-2831797-1024x678.jpg\" alt=\"\" class=\"uag-image-741\" width=\"1920\" height=\"500\" title=\"\" loading=\"lazy\" role=\"presentation\"\/><div class=\"wp-block-uagb-image--layout-overlay__color-wrapper\"><\/div><div class=\"wp-block-uagb-image--layout-overlay__inner center-center\"><h3 class=\"uagb-image-heading\">illustration et promotion<\/h3><figcaption class=\"uagb-image-caption\">Cr\u00e9ation de dessin, Affiche, Vid\u00e9o et Bande-annonce<\/figcaption><\/div><\/figure><\/div>\n<\/div>\n<\/div><\/div>\n<\/div><\/div><div class=\"swiper-pagination\"><\/div><\/div>\n<\/div>\n\n\n\n<div class=\"wp-block-group is-layout-constrained wp-block-group-is-layout-constrained\">\n<div class=\"wp-block-group is-layout-constrained wp-block-group-is-layout-constrained\">\n<div class=\"wp-block-uagb-separator uagb-block-14ce23c1 wp-block-uagb-separator--icon\"><div class=\"uagb-separator-spacing-wrapper\"><div class=\"wp-block-uagb-separator__inner\" style=\"--my-background-image:\"><div class=\"wp-block-uagb-separator-element\"><svg xmlns=\"https:\/\/www.w3.org\/2000\/svg\" viewBox=\"0 0 640 512\"><path d=\"M448 64H192C85.96 64 0 149.1 0 256s85.96 192 192 192h256c106 0 192-85.96 192-192S554 64 448 64zM247.1 280h-32v32c0 13.2-10.78 24-23.98 24c-13.2 0-24.02-10.8-24.02-24v-32L136 279.1C122.8 279.1 111.1 269.2 111.1 256c0-13.2 10.85-24.01 24.05-24.01L167.1 232v-32c0-13.2 10.82-24 24.02-24c13.2 0 23.98 10.8 23.98 24v32h32c13.2 0 24.02 10.8 24.02 24C271.1 269.2 261.2 280 247.1 280zM431.1 344c-22.12 0-39.1-17.87-39.1-39.1s17.87-40 39.1-40s39.1 17.88 39.1 40S454.1 344 431.1 344zM495.1 248c-22.12 0-39.1-17.87-39.1-39.1s17.87-40 39.1-40c22.12 0 39.1 17.88 39.1 40S518.1 248 495.1 248z\"><\/path><\/svg><\/div><\/div><\/div><\/div>\n<\/div>\n<\/div>\n\n\n\n<div class=\"wp-block-group absolute-div is-layout-constrained wp-container-core-group-is-layout-d22a95b3 wp-block-group-is-layout-constrained\" style=\"border-top-left-radius:40px;border-top-right-radius:40px;border-bottom-left-radius:40px;border-bottom-right-radius:40px;margin-top:0px\" data-aos=\"fade-up\" data-aos-duration=\"1000\" data-aos-easing=\"ease-in-out\" data-aos-once=\"true\">\n<h2 class=\"wp-block-heading alignwide has-text-align-center\" style=\"margin-top:0px;margin-bottom:100px\">NOS CLIENTS FID\u00c8LES<\/h2>\n\n\n\n<div class=\"wp-block-group is-content-justification-center is-nowrap is-layout-flex wp-container-core-group-is-layout-bfb7093a wp-block-group-is-layout-flex\" style=\"margin-top:0px;margin-bottom:100px;padding-top:30px;padding-bottom:30px\" data-aos=\"fade-up\" data-aos-duration=\"1000\" data-aos-easing=\"ease-in-out\" data-aos-once=\"true\">\n<figure class=\"wp-block-image size-full\" style=\"margin-right:0;margin-bottom:0\"><img loading=\"lazy\" decoding=\"async\" width=\"137\" height=\"137\" src=\"https:\/\/mcyr.dectim.ca\/tp2\/viscera\/wp-content\/uploads\/2026\/03\/arcticons_disney.png\" alt=\"\" class=\"wp-image-713\"\/><\/figure>\n\n\n\n<figure class=\"wp-block-image size-full\" style=\"margin-top:0;margin-bottom:0\"><img loading=\"lazy\" decoding=\"async\" width=\"120\" height=\"120\" src=\"https:\/\/mcyr.dectim.ca\/tp2\/viscera\/wp-content\/uploads\/2026\/03\/simple-icons_riotgames-1.png\" alt=\"\" class=\"wp-image-714\"\/><\/figure>\n\n\n\n<figure class=\"wp-block-image size-full\" style=\"margin-top:0;margin-bottom:0\"><img loading=\"lazy\" decoding=\"async\" width=\"116\" height=\"153\" src=\"https:\/\/mcyr.dectim.ca\/tp2\/viscera\/wp-content\/uploads\/2026\/03\/image-11-1.png\" alt=\"\" class=\"wp-image-715\" style=\"object-fit:cover\"\/><\/figure>\n\n\n\n<figure class=\"wp-block-image size-full wp-duotone-unset-1\" style=\"margin-top:0;margin-bottom:0\"><img loading=\"lazy\" decoding=\"async\" width=\"120\" height=\"120\" src=\"https:\/\/mcyr.dectim.ca\/tp2\/viscera\/wp-content\/uploads\/2026\/03\/mdi_nintendo-switch.png\" alt=\"\" class=\"wp-image-710\"\/><\/figure>\n\n\n\n<figure class=\"wp-block-image size-full\" style=\"margin-top:0;margin-bottom:0\"><img loading=\"lazy\" decoding=\"async\" width=\"124\" height=\"124\" src=\"https:\/\/mcyr.dectim.ca\/tp2\/viscera\/wp-content\/uploads\/2026\/03\/simple-icons_rockstargames.png\" alt=\"\" class=\"wp-image-712\" style=\"aspect-ratio:1;object-fit:cover\"\/><\/figure>\n<\/div>\n<\/div>\n\n\n\n<div class=\"wp-block-group is-layout-constrained wp-block-group-is-layout-constrained\">\n<div class=\"wp-block-group is-layout-constrained wp-block-group-is-layout-constrained\">\n<div class=\"wp-block-uagb-separator uagb-block-34060726 wp-block-uagb-separator--icon\"><div class=\"uagb-separator-spacing-wrapper\"><div class=\"wp-block-uagb-separator__inner\" style=\"--my-background-image:\"><div class=\"wp-block-uagb-separator-element\"><svg xmlns=\"https:\/\/www.w3.org\/2000\/svg\" viewBox=\"0 0 640 512\"><path d=\"M448 64H192C85.96 64 0 149.1 0 256s85.96 192 192 192h256c106 0 192-85.96 192-192S554 64 448 64zM247.1 280h-32v32c0 13.2-10.78 24-23.98 24c-13.2 0-24.02-10.8-24.02-24v-32L136 279.1C122.8 279.1 111.1 269.2 111.1 256c0-13.2 10.85-24.01 24.05-24.01L167.1 232v-32c0-13.2 10.82-24 24.02-24c13.2 0 23.98 10.8 23.98 24v32h32c13.2 0 24.02 10.8 24.02 24C271.1 269.2 261.2 280 247.1 280zM431.1 344c-22.12 0-39.1-17.87-39.1-39.1s17.87-40 39.1-40s39.1 17.88 39.1 40S454.1 344 431.1 344zM495.1 248c-22.12 0-39.1-17.87-39.1-39.1s17.87-40 39.1-40c22.12 0 39.1 17.88 39.1 40S518.1 248 495.1 248z\"><\/path><\/svg><\/div><\/div><\/div><\/div>\n<\/div>\n<\/div>\n\n\n\n<div class=\"wp-block-group absolute-div is-layout-constrained wp-container-core-group-is-layout-ecef084d wp-block-group-is-layout-constrained\" style=\"border-top-left-radius:40px;border-top-right-radius:40px;border-bottom-left-radius:40px;border-bottom-right-radius:40px;margin-top:0;margin-bottom:0px;padding-top:0;padding-right:0;padding-bottom:0;padding-left:0\" data-aos=\"fade-up\" data-aos-duration=\"1000\" data-aos-easing=\"ease-in-out\" data-aos-once=\"true\">\n<figure class=\"wp-block-image aligncenter size-full is-resized index\" style=\"margin-right:0;margin-bottom:-65px;margin-left:0\"><img loading=\"lazy\" decoding=\"async\" width=\"409\" height=\"436\" src=\"https:\/\/mcyr.dectim.ca\/tp2\/viscera\/wp-content\/uploads\/2026\/04\/image-13.png\" alt=\"\" class=\"wp-image-1639\" style=\"width:250px\" srcset=\"https:\/\/mcyr.dectim.ca\/tp2\/viscera\/wp-content\/uploads\/2026\/04\/image-13.png 409w, https:\/\/mcyr.dectim.ca\/tp2\/viscera\/wp-content\/uploads\/2026\/04\/image-13-281x300.png 281w\" sizes=\"auto, (max-width: 409px) 100vw, 409px\" \/><\/figure>\n\n\n\n<h2 class=\"wp-block-heading alignwide has-text-align-center\" style=\"margin-bottom:100px\">DES QUESTIONS?<\/h2>\n\n\n\n<div class=\"wp-block-buttons is-content-justification-center is-layout-flex wp-container-core-buttons-is-layout-a89b3969 wp-block-buttons-is-layout-flex\">\n<div class=\"wp-block-button\"><a class=\"wp-block-button__link wp-element-button\">NOUS CONTACTER<\/a><\/div>\n<\/div>\n<\/div>\n<\/div>\n\n\n\n<p><\/p>\n","protected":false},"excerpt":{"rendered":"<p>Viscera, Partenaire de Choix Gr\u00e2ce \u00e0 nous, vous pourrez favoriser la qualit\u00e9 et la productivit\u00e9 pour un jeu final impeccable [&hellip;]<\/p>\n","protected":false},"author":2,"featured_media":0,"parent":0,"menu_order":0,"comment_status":"closed","ping_status":"closed","template":"","meta":{"_uag_custom_page_level_css":"","site-sidebar-layout":"default","site-content-layout":"","ast-site-content-layout":"default","site-content-style":"default","site-sidebar-style":"default","ast-global-header-display":"","ast-banner-title-visibility":"","ast-main-header-display":"","ast-hfb-above-header-display":"","ast-hfb-below-header-display":"","ast-hfb-mobile-header-display":"","site-post-title":"disabled","ast-breadcrumbs-content":"","ast-featured-img":"","footer-sml-layout":"","ast-disable-related-posts":"","theme-transparent-header-meta":"","adv-header-id-meta":"","stick-header-meta":"","header-above-stick-meta":"","header-main-stick-meta":"","header-below-stick-meta":"","astra-migrate-meta-layouts":"default","ast-page-background-enabled":"default","ast-page-background-meta":{"desktop":{"background-color":"var(--ast-global-color-5)","background-image":"","background-repeat":"repeat","background-position":"center center","background-size":"auto","background-attachment":"scroll","background-type":"","background-media":"","overlay-type":"","overlay-color":"","overlay-opacity":"","overlay-gradient":""},"tablet":{"background-color":"","background-image":"","background-repeat":"repeat","background-position":"center center","background-size":"auto","background-attachment":"scroll","background-type":"","background-media":"","overlay-type":"","overlay-color":"","overlay-opacity":"","overlay-gradient":""},"mobile":{"background-color":"","background-image":"","background-repeat":"repeat","background-position":"center center","background-size":"auto","background-attachment":"scroll","background-type":"","background-media":"","overlay-type":"","overlay-color":"","overlay-opacity":"","overlay-gradient":""}},"ast-content-background-meta":{"desktop":{"background-color":"var(--ast-global-color-4)","background-image":"","background-repeat":"repeat","background-position":"center center","background-size":"auto","background-attachment":"scroll","background-type":"","background-media":"","overlay-type":"","overlay-color":"","overlay-opacity":"","overlay-gradient":""},"tablet":{"background-color":"var(--ast-global-color-4)","background-image":"","background-repeat":"repeat","background-position":"center center","background-size":"auto","background-attachment":"scroll","background-type":"","background-media":"","overlay-type":"","overlay-color":"","overlay-opacity":"","overlay-gradient":""},"mobile":{"background-color":"var(--ast-global-color-4)","background-image":"","background-repeat":"repeat","background-position":"center center","background-size":"auto","background-attachment":"scroll","background-type":"","background-media":"","overlay-type":"","overlay-color":"","overlay-opacity":"","overlay-gradient":""}},"footnotes":""},"class_list":["post-10","page","type-page","status-publish","hentry"],"uagb_featured_image_src":{"full":false,"thumbnail":false,"medium":false,"medium_large":false,"large":false,"1536x1536":false,"2048x2048":false,"widget-thumbnail":false,"gform-image-choice-sm":false,"gform-image-choice-md":false,"gform-image-choice-lg":false,"awb_sm":false,"awb_md":false,"awb_lg":false,"awb_xl":false},"uagb_author_info":{"display_name":"Simon Savard-Blondel","author_link":"https:\/\/mcyr.dectim.ca\/tp2\/viscera\/author\/simon\/"},"uagb_comment_info":0,"uagb_excerpt":"Viscera, Partenaire de Choix Gr\u00e2ce \u00e0 nous, vous pourrez favoriser la qualit\u00e9 et la productivit\u00e9 pour un jeu final impeccable [&hellip;]","_links":{"self":[{"href":"https:\/\/mcyr.dectim.ca\/tp2\/viscera\/wp-json\/wp\/v2\/pages\/10","targetHints":{"allow":["GET"]}}],"collection":[{"href":"https:\/\/mcyr.dectim.ca\/tp2\/viscera\/wp-json\/wp\/v2\/pages"}],"about":[{"href":"https:\/\/mcyr.dectim.ca\/tp2\/viscera\/wp-json\/wp\/v2\/types\/page"}],"author":[{"embeddable":true,"href":"https:\/\/mcyr.dectim.ca\/tp2\/viscera\/wp-json\/wp\/v2\/users\/2"}],"replies":[{"embeddable":true,"href":"https:\/\/mcyr.dectim.ca\/tp2\/viscera\/wp-json\/wp\/v2\/comments?post=10"}],"version-history":[{"count":213,"href":"https:\/\/mcyr.dectim.ca\/tp2\/viscera\/wp-json\/wp\/v2\/pages\/10\/revisions"}],"predecessor-version":[{"id":1747,"href":"https:\/\/mcyr.dectim.ca\/tp2\/viscera\/wp-json\/wp\/v2\/pages\/10\/revisions\/1747"}],"wp:attachment":[{"href":"https:\/\/mcyr.dectim.ca\/tp2\/viscera\/wp-json\/wp\/v2\/media?parent=10"}],"curies":[{"name":"wp","href":"https:\/\/api.w.org\/{rel}","templated":true}]}}